{"id":31200,"date":"2025-12-16T22:59:00","date_gmt":"2025-12-17T02:59:00","guid":{"rendered":"https:\/\/www.multicasa.com.br\/cuiaba\/produto\/broca-aco-escalonada-4a20mm-vonder\/"},"modified":"2025-12-17T14:12:22","modified_gmt":"2025-12-17T18:12:22","slug":"broca-aco-escalonada-4a20mm-vonder","status":"publish","type":"product","link":"https:\/\/www.multicasa.com.br\/cuiaba\/produto\/broca-aco-escalonada-4a20mm-vonder\/","title":{"rendered":"BROCA ACO ESCALONADA 4A20MM VONDER<br>SKU: 2258798"},"content":{"rendered":"<p>Broca de A\u00e7o Escalonada 4 a 20mm Vonder<\/p>\n","protected":false},"excerpt":{"rendered":"<h4 style=\"margin: 0px;padding: 0px 0px 16px;font-family: Lato, sans-serif;font-weight: bold;line-height: 3rem;color: var(--dark-grey3);font-size: 22px;font-style: normal;letter-spacing: normal;text-align: start;text-indent: 0px;text-transform: none\">Informa\u00e7\u00f5es t\u00e9cnicas<\/h4>\n<p><span style=\"margin: 0px;padding: 0px;font-weight: 450;font-size: 14px;line-height: 21px;color: var(--dark-grey2);font-family: Lato, sans-serif;font-style: normal;letter-spacing: normal;text-align: start;text-indent: 0px;text-transform: none\">Tipo: Broca Escalonada. Material: A\u00e7o R\u00e1pido (HSS). Di\u00e2metro: 4mm a 20mm. Uso: Chapas finas de metal e pl\u00e1stico. Marca: Vonder.<\/span><\/p>\n","protected":false},"featured_media":0,"template":"","meta":{"_joinchat":[]},"product_brand":[],"product_cat":[137],"product_tag":[],"class_list":{"0":"post-31200","1":"product","2":"type-product","3":"status-publish","5":"product_cat-ferramentas-manuais","7":"first","8":"instock","9":"shipping-taxable","10":"purchasable","11":"product-type-simple"},"_links":{"self":[{"href":"https:\/\/www.multicasa.com.br\/cuiaba\/wp-json\/wp\/v2\/product\/31200","targetHints":{"allow":["GET"]}}],"collection":[{"href":"https:\/\/www.multicasa.com.br\/cuiaba\/wp-json\/wp\/v2\/product"}],"about":[{"href":"https:\/\/www.multicasa.com.br\/cuiaba\/wp-json\/wp\/v2\/types\/product"}],"wp:attachment":[{"href":"https:\/\/www.multicasa.com.br\/cuiaba\/wp-json\/wp\/v2\/media?parent=31200"}],"wp:term":[{"taxonomy":"product_brand","embeddable":true,"href":"https:\/\/www.multicasa.com.br\/cuiaba\/wp-json\/wp\/v2\/product_brand?post=31200"},{"taxonomy":"product_cat","embeddable":true,"href":"https:\/\/www.multicasa.com.br\/cuiaba\/wp-json\/wp\/v2\/product_cat?post=31200"},{"taxonomy":"product_tag","embeddable":true,"href":"https:\/\/www.multicasa.com.br\/cuiaba\/wp-json\/wp\/v2\/product_tag?post=31200"}],"curies":[{"name":"wp","href":"https:\/\/api.w.org\/{rel}","templated":true}]}}