{"id":31230,"date":"2025-12-16T23:02:35","date_gmt":"2025-12-17T03:02:35","guid":{"rendered":"https:\/\/www.multicasa.com.br\/cuiaba\/produto\/alcool-bicarb-liq-1l-flor-cact-zulu\/"},"modified":"2025-12-17T13:00:43","modified_gmt":"2025-12-17T17:00:43","slug":"alcool-bicarb-liq-1l-flor-cact-zulu","status":"publish","type":"product","link":"https:\/\/www.multicasa.com.br\/cuiaba\/produto\/alcool-bicarb-liq-1l-flor-cact-zulu\/","title":{"rendered":"ALCOOL BICARB.LIQ.1L FLOR CACT.ZULU<br>SKU: 2259820"},"content":{"rendered":"<p>\u00c1lcool L\u00edquido c\/ Bicarbonato 1L Flor de Cacto Zulu<\/p>\n","protected":false},"excerpt":{"rendered":"<h4 style=\"margin: 0px;padding: 0px 0px 16px;font-family: Lato, sans-serif;font-weight: bold;line-height: 3rem;color: var(--dark-grey3);font-size: 22px;font-style: normal;letter-spacing: normal;text-align: start;text-indent: 0px;text-transform: none\">Informa\u00e7\u00f5es t\u00e9cnicas<\/h4>\n<p><span style=\"margin: 0px;padding: 0px;font-weight: 450;font-size: 14px;line-height: 21px;color: var(--dark-grey2);font-family: Lato, sans-serif;font-style: normal;letter-spacing: normal;text-align: start;text-indent: 0px;text-transform: none\">Tipo: \u00c1lcool L\u00edquido (Limpeza). Volume: 1 Litro. Detalhes: Com Bicarbonato e Flor de Cacto. Marca: Zulu.<\/span><\/p>\n","protected":false},"featured_media":0,"template":"","meta":{"_joinchat":[]},"product_brand":[],"product_cat":[96],"product_tag":[],"class_list":{"0":"post-31230","1":"product","2":"type-product","3":"status-publish","5":"product_cat-limpeza-e-cia","7":"first","8":"instock","9":"shipping-taxable","10":"purchasable","11":"product-type-simple"},"_links":{"self":[{"href":"https:\/\/www.multicasa.com.br\/cuiaba\/wp-json\/wp\/v2\/product\/31230","targetHints":{"allow":["GET"]}}],"collection":[{"href":"https:\/\/www.multicasa.com.br\/cuiaba\/wp-json\/wp\/v2\/product"}],"about":[{"href":"https:\/\/www.multicasa.com.br\/cuiaba\/wp-json\/wp\/v2\/types\/product"}],"wp:attachment":[{"href":"https:\/\/www.multicasa.com.br\/cuiaba\/wp-json\/wp\/v2\/media?parent=31230"}],"wp:term":[{"taxonomy":"product_brand","embeddable":true,"href":"https:\/\/www.multicasa.com.br\/cuiaba\/wp-json\/wp\/v2\/product_brand?post=31230"},{"taxonomy":"product_cat","embeddable":true,"href":"https:\/\/www.multicasa.com.br\/cuiaba\/wp-json\/wp\/v2\/product_cat?post=31230"},{"taxonomy":"product_tag","embeddable":true,"href":"https:\/\/www.multicasa.com.br\/cuiaba\/wp-json\/wp\/v2\/product_tag?post=31230"}],"curies":[{"name":"wp","href":"https:\/\/api.w.org\/{rel}","templated":true}]}}