{"id":31244,"date":"2025-12-16T23:04:04","date_gmt":"2025-12-17T03:04:04","guid":{"rendered":"https:\/\/www.multicasa.com.br\/cuiaba\/produto\/engate-flex-polies-mxf-2mt-blukit\/"},"modified":"2026-03-24T16:01:01","modified_gmt":"2026-03-24T20:01:01","slug":"engate-flex-polies-mxf-2mt-blukit","status":"publish","type":"product","link":"https:\/\/www.multicasa.com.br\/cuiaba\/produto\/engate-flex-polies-mxf-2mt-blukit\/","title":{"rendered":"ENGATE FLEX POLIES. MXF 2MT BLUKIT<br>SKU: 2263107"},"content":{"rendered":"<p>Engate Flex\u00edvel Poli\u00e9ster Macho x F\u00eamea 2 Metros Blukit<\/p>\n","protected":false},"excerpt":{"rendered":"<h4 style=\"margin: 0px;padding: 0px 0px 16px;font-family: Lato, sans-serif;font-weight: bold;line-height: 3rem;color: var(--dark-grey3);font-size: 22px;font-style: normal;letter-spacing: normal;text-align: start;text-indent: 0px;text-transform: none\">Informa\u00e7\u00f5es t\u00e9cnicas<\/h4>\n<p><span style=\"margin: 0px;padding: 0px;font-weight: 450;font-size: 14px;line-height: 21px;color: var(--dark-grey2);font-family: Lato, sans-serif;font-style: normal;letter-spacing: normal;text-align: start;text-indent: 0px;text-transform: none\">Tipo: Engate Flex\u00edvel (\u00c1gua). Material: Poli\u00e9ster. Medidas: Macho x F\u00eamea. Comprimento: 2 Metros. Marca: Blukit.<\/span><\/p>\n","protected":false},"featured_media":0,"template":"","meta":{"_joinchat":[]},"product_brand":[],"product_cat":[74],"product_tag":[],"class_list":{"0":"post-31244","1":"product","2":"type-product","3":"status-publish","5":"product_cat-reparos-hidraulicos","7":"first","8":"instock","9":"shipping-taxable","10":"purchasable","11":"product-type-simple"},"_links":{"self":[{"href":"https:\/\/www.multicasa.com.br\/cuiaba\/wp-json\/wp\/v2\/product\/31244","targetHints":{"allow":["GET"]}}],"collection":[{"href":"https:\/\/www.multicasa.com.br\/cuiaba\/wp-json\/wp\/v2\/product"}],"about":[{"href":"https:\/\/www.multicasa.com.br\/cuiaba\/wp-json\/wp\/v2\/types\/product"}],"wp:attachment":[{"href":"https:\/\/www.multicasa.com.br\/cuiaba\/wp-json\/wp\/v2\/media?parent=31244"}],"wp:term":[{"taxonomy":"product_brand","embeddable":true,"href":"https:\/\/www.multicasa.com.br\/cuiaba\/wp-json\/wp\/v2\/product_brand?post=31244"},{"taxonomy":"product_cat","embeddable":true,"href":"https:\/\/www.multicasa.com.br\/cuiaba\/wp-json\/wp\/v2\/product_cat?post=31244"},{"taxonomy":"product_tag","embeddable":true,"href":"https:\/\/www.multicasa.com.br\/cuiaba\/wp-json\/wp\/v2\/product_tag?post=31244"}],"curies":[{"name":"wp","href":"https:\/\/api.w.org\/{rel}","templated":true}]}}