{"id":31388,"date":"2025-12-16T23:43:58","date_gmt":"2025-12-17T03:43:58","guid":{"rendered":"https:\/\/www.multicasa.com.br\/cuiaba\/produto\/controle-p-vent-lamp-qv371-qualitr\/"},"modified":"2026-04-14T11:00:50","modified_gmt":"2026-04-14T15:00:50","slug":"controle-p-vent-lamp-qv371-qualitr","status":"publish","type":"product","link":"https:\/\/www.multicasa.com.br\/cuiaba\/produto\/controle-p-vent-lamp-qv371-qualitr\/","title":{"rendered":"CONTROLE P\/VENT\/LAMP.QV371 QUALITR<br>SKU: 4112024"},"content":{"rendered":"<p>Controle P\/Vent\/Lamp.Qv371<\/p>\n","protected":false},"excerpt":{"rendered":"<h4 style=\"margin: 0px;padding: 0px 0px 16px;font-family: Lato, sans-serif;font-weight: bold;line-height: 3rem;color: var(--dark-grey3);font-size: 22px;font-style: normal;letter-spacing: normal;text-align: start;text-indent: 0px;text-transform: none\">Informa\u00e7\u00f5es t\u00e9cnicas<\/h4>\n<p><span style=\"margin: 0px;padding: 0px;font-weight: 450;font-size: 14px;line-height: 21px;color: var(--dark-grey2);font-family: Lato, sans-serif;font-style: normal;letter-spacing: normal;text-align: start;text-indent: 0px;text-transform: none\">Controle remoto para ventilador\/lumin\u00e1ria, bivolt, fun\u00e7\u00f5es de velocidade e luz.<\/span><\/p>\n","protected":false},"featured_media":0,"template":"","meta":{"_joinchat":[]},"product_brand":[],"product_cat":[160],"product_tag":[],"class_list":{"0":"post-31388","1":"product","2":"type-product","3":"status-publish","5":"product_cat-ventiladores-decorativos","7":"first","8":"instock","9":"shipping-taxable","10":"purchasable","11":"product-type-simple"},"_links":{"self":[{"href":"https:\/\/www.multicasa.com.br\/cuiaba\/wp-json\/wp\/v2\/product\/31388","targetHints":{"allow":["GET"]}}],"collection":[{"href":"https:\/\/www.multicasa.com.br\/cuiaba\/wp-json\/wp\/v2\/product"}],"about":[{"href":"https:\/\/www.multicasa.com.br\/cuiaba\/wp-json\/wp\/v2\/types\/product"}],"wp:attachment":[{"href":"https:\/\/www.multicasa.com.br\/cuiaba\/wp-json\/wp\/v2\/media?parent=31388"}],"wp:term":[{"taxonomy":"product_brand","embeddable":true,"href":"https:\/\/www.multicasa.com.br\/cuiaba\/wp-json\/wp\/v2\/product_brand?post=31388"},{"taxonomy":"product_cat","embeddable":true,"href":"https:\/\/www.multicasa.com.br\/cuiaba\/wp-json\/wp\/v2\/product_cat?post=31388"},{"taxonomy":"product_tag","embeddable":true,"href":"https:\/\/www.multicasa.com.br\/cuiaba\/wp-json\/wp\/v2\/product_tag?post=31388"}],"curies":[{"name":"wp","href":"https:\/\/api.w.org\/{rel}","templated":true}]}}