{"id":31884,"date":"2026-03-11T10:52:58","date_gmt":"2026-03-11T14:52:58","guid":{"rendered":"https:\/\/www.multicasa.com.br\/cuiaba\/produto\/bico-torneira-alum-3-4-02429-ajax\/"},"modified":"2026-04-24T14:20:24","modified_gmt":"2026-04-24T18:20:24","slug":"bico-torneira-alum-3-4-02429-ajax","status":"publish","type":"product","link":"https:\/\/www.multicasa.com.br\/cuiaba\/produto\/bico-torneira-alum-3-4-02429-ajax\/","title":{"rendered":"BICO TORNEIRA ALUM.3\/4 02429 AJAX<br>SKU: 2056293"},"content":{"rendered":"<p>Bico para Torneira Alum\u00ednio 3\/4&#8243;<\/p>\n","protected":false},"excerpt":{"rendered":"<h4 style=\"margin: 0px;padding: 0px 0px 16px;font-family: Lato, sans-serif;font-weight: bold;line-height: 3rem;color: var(--dark-grey3);font-size: 22px;font-style: normal;letter-spacing: normal;text-align: start;text-indent: 0px;text-transform: none\">Informa\u00e7\u00f5es t\u00e9cnicas<\/h4>\n<p><span style=\"margin: 0px;padding: 0px;font-weight: 450;font-size: 14px;line-height: 21px;color: var(--dark-grey2);font-family: Lato, sans-serif;font-style: normal;letter-spacing: normal;text-align: start;text-indent: 0px;text-transform: none\">Material: Alum\u00ednio, Bitola: 3\/4&#8243;, Ajax<\/span><\/p>\n","protected":false},"featured_media":0,"template":"","meta":{"_joinchat":[]},"product_brand":[],"product_cat":[76],"product_tag":[],"class_list":{"0":"post-31884","1":"product","2":"type-product","3":"status-publish","5":"product_cat-jardinagem","7":"first","8":"instock","9":"shipping-taxable","10":"purchasable","11":"product-type-simple"},"_links":{"self":[{"href":"https:\/\/www.multicasa.com.br\/cuiaba\/wp-json\/wp\/v2\/product\/31884","targetHints":{"allow":["GET"]}}],"collection":[{"href":"https:\/\/www.multicasa.com.br\/cuiaba\/wp-json\/wp\/v2\/product"}],"about":[{"href":"https:\/\/www.multicasa.com.br\/cuiaba\/wp-json\/wp\/v2\/types\/product"}],"wp:attachment":[{"href":"https:\/\/www.multicasa.com.br\/cuiaba\/wp-json\/wp\/v2\/media?parent=31884"}],"wp:term":[{"taxonomy":"product_brand","embeddable":true,"href":"https:\/\/www.multicasa.com.br\/cuiaba\/wp-json\/wp\/v2\/product_brand?post=31884"},{"taxonomy":"product_cat","embeddable":true,"href":"https:\/\/www.multicasa.com.br\/cuiaba\/wp-json\/wp\/v2\/product_cat?post=31884"},{"taxonomy":"product_tag","embeddable":true,"href":"https:\/\/www.multicasa.com.br\/cuiaba\/wp-json\/wp\/v2\/product_tag?post=31884"}],"curies":[{"name":"wp","href":"https:\/\/api.w.org\/{rel}","templated":true}]}}