{"id":32751,"date":"2026-03-11T12:10:43","date_gmt":"2026-03-11T16:10:43","guid":{"rendered":"https:\/\/www.multicasa.com.br\/cuiaba\/produto\/plafon-frame-sob-emb-qd-16w-6-5k-ll\/"},"modified":"2026-03-11T17:24:21","modified_gmt":"2026-03-11T21:24:21","slug":"plafon-frame-sob-emb-qd-16w-6-5k-ll","status":"publish","type":"product","link":"https:\/\/www.multicasa.com.br\/cuiaba\/produto\/plafon-frame-sob-emb-qd-16w-6-5k-ll\/","title":{"rendered":"PLAFON FRAME.SOB\/EMB.QD.16W 6.5K LL<br>SKU: 2129536"},"content":{"rendered":"<p>Plafon Frame Quadrado 16W<\/p>\n","protected":false},"excerpt":{"rendered":"<h4 style=\"margin: 0px;padding: 0px 0px 16px;font-family: Lato, sans-serif;font-weight: bold;line-height: 3rem;color: var(--dark-grey3);font-size: 22px;font-style: normal;letter-spacing: normal;text-align: start;text-indent: 0px;text-transform: none\">Informa\u00e7\u00f5es t\u00e9cnicas<\/h4>\n<p><span style=\"margin: 0px;padding: 0px;font-weight: 450;font-size: 14px;line-height: 21px;color: var(--dark-grey2);font-family: Lato, sans-serif;font-style: normal;letter-spacing: normal;text-align: start;text-indent: 0px;text-transform: none\">Sobrepor ou Embutir, 6500K (Frio), Llum<\/span><\/p>\n","protected":false},"featured_media":0,"template":"","meta":{"_joinchat":[]},"product_brand":[],"product_cat":[157],"product_tag":[],"class_list":{"0":"post-32751","1":"product","2":"type-product","3":"status-publish","5":"product_cat-leds-decorativos","7":"first","8":"instock","9":"shipping-taxable","10":"purchasable","11":"product-type-simple"},"_links":{"self":[{"href":"https:\/\/www.multicasa.com.br\/cuiaba\/wp-json\/wp\/v2\/product\/32751","targetHints":{"allow":["GET"]}}],"collection":[{"href":"https:\/\/www.multicasa.com.br\/cuiaba\/wp-json\/wp\/v2\/product"}],"about":[{"href":"https:\/\/www.multicasa.com.br\/cuiaba\/wp-json\/wp\/v2\/types\/product"}],"wp:attachment":[{"href":"https:\/\/www.multicasa.com.br\/cuiaba\/wp-json\/wp\/v2\/media?parent=32751"}],"wp:term":[{"taxonomy":"product_brand","embeddable":true,"href":"https:\/\/www.multicasa.com.br\/cuiaba\/wp-json\/wp\/v2\/product_brand?post=32751"},{"taxonomy":"product_cat","embeddable":true,"href":"https:\/\/www.multicasa.com.br\/cuiaba\/wp-json\/wp\/v2\/product_cat?post=32751"},{"taxonomy":"product_tag","embeddable":true,"href":"https:\/\/www.multicasa.com.br\/cuiaba\/wp-json\/wp\/v2\/product_tag?post=32751"}],"curies":[{"name":"wp","href":"https:\/\/api.w.org\/{rel}","templated":true}]}}