{"id":34251,"date":"2026-03-11T16:39:45","date_gmt":"2026-03-11T20:39:45","guid":{"rendered":"https:\/\/www.multicasa.com.br\/cuiaba\/produto\/balanca-de-banheiro-digital-180kg-preta-conthey\/"},"modified":"2026-04-11T08:50:42","modified_gmt":"2026-04-11T12:50:42","slug":"balanca-de-banheiro-digital-180kg-preta-conthey","status":"publish","type":"product","link":"https:\/\/www.multicasa.com.br\/cuiaba\/produto\/balanca-de-banheiro-digital-180kg-preta-conthey\/","title":{"rendered":"Balan\u00e7a de Banheiro Digital 180kg Preta Conthey<br>SKU: 2263876"},"content":{"rendered":"<p>Capacidade: 180kg; Tipo: Digital; Cor: Preto; Marca: Conthey.<\/p>\n","protected":false},"excerpt":{"rendered":"<h4 style=\"margin: 0px;padding: 0px 0px 16px;font-family: Lato, sans-serif;font-weight: bold;line-height: 3rem;color: var(--dark-grey3);font-size: 22px;font-style: normal;letter-spacing: normal;text-align: start;text-indent: 0px;text-transform: none\">Informa\u00e7\u00f5es t\u00e9cnicas<\/h4>\n<p><span style=\"margin: 0px;padding: 0px;font-weight: 450;font-size: 14px;line-height: 21px;color: var(--dark-grey2);font-family: Lato, sans-serif;font-style: normal;letter-spacing: normal;text-align: start;text-indent: 0px;text-transform: none\">balanca-banheiro-digital-180kg-preta-conthey<\/span><\/p>\n","protected":false},"featured_media":0,"template":"","meta":{"_joinchat":[]},"product_brand":[],"product_cat":[101],"product_tag":[],"class_list":{"0":"post-34251","1":"product","2":"type-product","3":"status-publish","5":"product_cat-cuidados-pessoais","7":"first","8":"instock","9":"shipping-taxable","10":"purchasable","11":"product-type-simple"},"_links":{"self":[{"href":"https:\/\/www.multicasa.com.br\/cuiaba\/wp-json\/wp\/v2\/product\/34251","targetHints":{"allow":["GET"]}}],"collection":[{"href":"https:\/\/www.multicasa.com.br\/cuiaba\/wp-json\/wp\/v2\/product"}],"about":[{"href":"https:\/\/www.multicasa.com.br\/cuiaba\/wp-json\/wp\/v2\/types\/product"}],"wp:attachment":[{"href":"https:\/\/www.multicasa.com.br\/cuiaba\/wp-json\/wp\/v2\/media?parent=34251"}],"wp:term":[{"taxonomy":"product_brand","embeddable":true,"href":"https:\/\/www.multicasa.com.br\/cuiaba\/wp-json\/wp\/v2\/product_brand?post=34251"},{"taxonomy":"product_cat","embeddable":true,"href":"https:\/\/www.multicasa.com.br\/cuiaba\/wp-json\/wp\/v2\/product_cat?post=34251"},{"taxonomy":"product_tag","embeddable":true,"href":"https:\/\/www.multicasa.com.br\/cuiaba\/wp-json\/wp\/v2\/product_tag?post=34251"}],"curies":[{"name":"wp","href":"https:\/\/api.w.org\/{rel}","templated":true}]}}