{"id":34456,"date":"2026-03-11T16:56:27","date_gmt":"2026-03-11T20:56:27","guid":{"rendered":"https:\/\/www.multicasa.com.br\/cuiaba\/produto\/rolo-de-la-antirrespingo-9cm-com-suporte-tigre\/"},"modified":"2026-03-12T00:24:44","modified_gmt":"2026-03-12T04:24:44","slug":"rolo-de-la-antirrespingo-9cm-com-suporte-tigre","status":"publish","type":"product","link":"https:\/\/www.multicasa.com.br\/cuiaba\/produto\/rolo-de-la-antirrespingo-9cm-com-suporte-tigre\/","title":{"rendered":"Rolo de L\u00e3 Antirrespingo 9cm com Suporte Tigre<br>SKU: 3085171"},"content":{"rendered":"<p>Medida: 9cm; Tipo: Antirrespingo; Inclui suporte; Tigre.<\/p>\n","protected":false},"excerpt":{"rendered":"<h4 style=\"margin: 0px;padding: 0px 0px 16px;font-family: Lato, sans-serif;font-weight: bold;line-height: 3rem;color: var(--dark-grey3);font-size: 22px;font-style: normal;letter-spacing: normal;text-align: start;text-indent: 0px;text-transform: none\">Informa\u00e7\u00f5es t\u00e9cnicas<\/h4>\n<p><span style=\"margin: 0px;padding: 0px;font-weight: 450;font-size: 14px;line-height: 21px;color: var(--dark-grey2);font-family: Lato, sans-serif;font-style: normal;letter-spacing: normal;text-align: start;text-indent: 0px;text-transform: none\">rolo-la-antirrespingo-9cm-com-suporte-tigre<\/span><\/p>\n","protected":false},"featured_media":0,"template":"","meta":{"_joinchat":[]},"product_brand":[],"product_cat":[143],"product_tag":[],"class_list":{"0":"post-34456","1":"product","2":"type-product","3":"status-publish","5":"product_cat-tintas-e-cia","7":"first","8":"instock","9":"shipping-taxable","10":"purchasable","11":"product-type-simple"},"_links":{"self":[{"href":"https:\/\/www.multicasa.com.br\/cuiaba\/wp-json\/wp\/v2\/product\/34456","targetHints":{"allow":["GET"]}}],"collection":[{"href":"https:\/\/www.multicasa.com.br\/cuiaba\/wp-json\/wp\/v2\/product"}],"about":[{"href":"https:\/\/www.multicasa.com.br\/cuiaba\/wp-json\/wp\/v2\/types\/product"}],"wp:attachment":[{"href":"https:\/\/www.multicasa.com.br\/cuiaba\/wp-json\/wp\/v2\/media?parent=34456"}],"wp:term":[{"taxonomy":"product_brand","embeddable":true,"href":"https:\/\/www.multicasa.com.br\/cuiaba\/wp-json\/wp\/v2\/product_brand?post=34456"},{"taxonomy":"product_cat","embeddable":true,"href":"https:\/\/www.multicasa.com.br\/cuiaba\/wp-json\/wp\/v2\/product_cat?post=34456"},{"taxonomy":"product_tag","embeddable":true,"href":"https:\/\/www.multicasa.com.br\/cuiaba\/wp-json\/wp\/v2\/product_tag?post=34456"}],"curies":[{"name":"wp","href":"https:\/\/api.w.org\/{rel}","templated":true}]}}