{"id":34469,"date":"2026-03-11T16:57:27","date_gmt":"2026-03-11T20:57:27","guid":{"rendered":"https:\/\/www.multicasa.com.br\/cuiaba\/produto\/reator-eletronico-dimerizavel-50w-220v-intral\/"},"modified":"2026-03-12T00:25:13","modified_gmt":"2026-03-12T04:25:13","slug":"reator-eletronico-dimerizavel-50w-220v-intral","status":"publish","type":"product","link":"https:\/\/www.multicasa.com.br\/cuiaba\/produto\/reator-eletronico-dimerizavel-50w-220v-intral\/","title":{"rendered":"Reator Eletr\u00f4nico Dimeriz\u00e1vel 50W 220V Intral<br>SKU: 3092968"},"content":{"rendered":"<p>Pot\u00eancia: 50W; Tens\u00e3o: 220V; Fun\u00e7\u00e3o: Dimeriz\u00e1vel; Intral.<\/p>\n","protected":false},"excerpt":{"rendered":"<h4 style=\"margin: 0px;padding: 0px 0px 16px;font-family: Lato, sans-serif;font-weight: bold;line-height: 3rem;color: var(--dark-grey3);font-size: 22px;font-style: normal;letter-spacing: normal;text-align: start;text-indent: 0px;text-transform: none\">Informa\u00e7\u00f5es t\u00e9cnicas<\/h4>\n<p><span style=\"margin: 0px;padding: 0px;font-weight: 450;font-size: 14px;line-height: 21px;color: var(--dark-grey2);font-family: Lato, sans-serif;font-style: normal;letter-spacing: normal;text-align: start;text-indent: 0px;text-transform: none\">reator-eletronico-dimerizavel-50w-220v-intral<\/span><\/p>\n","protected":false},"featured_media":0,"template":"","meta":{"_joinchat":[]},"product_brand":[],"product_cat":[63],"product_tag":[],"class_list":{"0":"post-34469","1":"product","2":"type-product","3":"status-publish","5":"product_cat-utilidades-do-lar","7":"first","8":"instock","9":"shipping-taxable","10":"purchasable","11":"product-type-simple"},"_links":{"self":[{"href":"https:\/\/www.multicasa.com.br\/cuiaba\/wp-json\/wp\/v2\/product\/34469","targetHints":{"allow":["GET"]}}],"collection":[{"href":"https:\/\/www.multicasa.com.br\/cuiaba\/wp-json\/wp\/v2\/product"}],"about":[{"href":"https:\/\/www.multicasa.com.br\/cuiaba\/wp-json\/wp\/v2\/types\/product"}],"wp:attachment":[{"href":"https:\/\/www.multicasa.com.br\/cuiaba\/wp-json\/wp\/v2\/media?parent=34469"}],"wp:term":[{"taxonomy":"product_brand","embeddable":true,"href":"https:\/\/www.multicasa.com.br\/cuiaba\/wp-json\/wp\/v2\/product_brand?post=34469"},{"taxonomy":"product_cat","embeddable":true,"href":"https:\/\/www.multicasa.com.br\/cuiaba\/wp-json\/wp\/v2\/product_cat?post=34469"},{"taxonomy":"product_tag","embeddable":true,"href":"https:\/\/www.multicasa.com.br\/cuiaba\/wp-json\/wp\/v2\/product_tag?post=34469"}],"curies":[{"name":"wp","href":"https:\/\/api.w.org\/{rel}","templated":true}]}}