{"id":34690,"date":"2026-03-11T17:20:14","date_gmt":"2026-03-11T21:20:14","guid":{"rendered":"https:\/\/www.multicasa.com.br\/cuiaba\/produto\/exaustor-industrial-50cm-220v-cinza-ventisol\/"},"modified":"2026-03-12T00:33:55","modified_gmt":"2026-03-12T04:33:55","slug":"exaustor-industrial-50cm-220v-cinza-ventisol","status":"publish","type":"product","link":"https:\/\/www.multicasa.com.br\/cuiaba\/produto\/exaustor-industrial-50cm-220v-cinza-ventisol\/","title":{"rendered":"Exaustor Industrial 50cm 220V Cinza Ventisol<br>SKU: 3499650"},"content":{"rendered":"<p>Di\u00e2metro: 50cm; Tens\u00e3o: 220V; Cor: Cinza; Ventisol.<\/p>\n","protected":false},"excerpt":{"rendered":"<h4 style=\"margin: 0px;padding: 0px 0px 16px;font-family: Lato, sans-serif;font-weight: bold;line-height: 3rem;color: var(--dark-grey3);font-size: 22px;font-style: normal;letter-spacing: normal;text-align: start;text-indent: 0px;text-transform: none\">Informa\u00e7\u00f5es t\u00e9cnicas<\/h4>\n<p><span style=\"margin: 0px;padding: 0px;font-weight: 450;font-size: 14px;line-height: 21px;color: var(--dark-grey2);font-family: Lato, sans-serif;font-style: normal;letter-spacing: normal;text-align: start;text-indent: 0px;text-transform: none\">exaustor-industrial-50cm-220v-cinza-ventisol<\/span><\/p>\n","protected":false},"featured_media":0,"template":"","meta":{"_joinchat":[]},"product_brand":[],"product_cat":[140],"product_tag":[],"class_list":{"0":"post-34690","1":"product","2":"type-product","3":"status-publish","5":"product_cat-climatizador-ar","7":"first","8":"instock","9":"shipping-taxable","10":"purchasable","11":"product-type-simple"},"_links":{"self":[{"href":"https:\/\/www.multicasa.com.br\/cuiaba\/wp-json\/wp\/v2\/product\/34690","targetHints":{"allow":["GET"]}}],"collection":[{"href":"https:\/\/www.multicasa.com.br\/cuiaba\/wp-json\/wp\/v2\/product"}],"about":[{"href":"https:\/\/www.multicasa.com.br\/cuiaba\/wp-json\/wp\/v2\/types\/product"}],"wp:attachment":[{"href":"https:\/\/www.multicasa.com.br\/cuiaba\/wp-json\/wp\/v2\/media?parent=34690"}],"wp:term":[{"taxonomy":"product_brand","embeddable":true,"href":"https:\/\/www.multicasa.com.br\/cuiaba\/wp-json\/wp\/v2\/product_brand?post=34690"},{"taxonomy":"product_cat","embeddable":true,"href":"https:\/\/www.multicasa.com.br\/cuiaba\/wp-json\/wp\/v2\/product_cat?post=34690"},{"taxonomy":"product_tag","embeddable":true,"href":"https:\/\/www.multicasa.com.br\/cuiaba\/wp-json\/wp\/v2\/product_tag?post=34690"}],"curies":[{"name":"wp","href":"https:\/\/api.w.org\/{rel}","templated":true}]}}