{"id":35260,"date":"2026-03-11T18:06:57","date_gmt":"2026-03-11T22:06:57","guid":{"rendered":"https:\/\/www.multicasa.com.br\/cuiaba\/produto\/dobradica-de-aco-3-1-2-fg-3-rocha\/"},"modified":"2026-03-11T20:42:30","modified_gmt":"2026-03-12T00:42:30","slug":"dobradica-de-aco-3-1-2-fg-3-rocha","status":"publish","type":"product","link":"https:\/\/www.multicasa.com.br\/cuiaba\/produto\/dobradica-de-aco-3-1-2-fg-3-rocha\/","title":{"rendered":"Dobradi\u00e7a de A\u00e7o 3.1\/2&#8243; FG-3 Rocha<br>SKU: 251410"},"content":{"rendered":"<p>Dobradi\u00e7a de A\u00e7o 3.1\/2&#8243; FG-3 Rocha<\/p>\n","protected":false},"excerpt":{"rendered":"<h4 style=\"margin: 0px;padding: 0px 0px 16px;font-family: Lato, sans-serif;font-weight: bold;line-height: 3rem;color: var(--dark-grey3);font-size: 22px;font-style: normal;letter-spacing: normal;text-align: start;text-indent: 0px;text-transform: none\">Informa\u00e7\u00f5es t\u00e9cnicas<\/h4>\n<p><span style=\"margin: 0px;padding: 0px;font-weight: 450;font-size: 14px;line-height: 21px;color: var(--dark-grey2);font-family: Lato, sans-serif;font-style: normal;letter-spacing: normal;text-align: start;text-indent: 0px;text-transform: none\">Material: A\u00e7o; Medida: 3.1\/2&#8243;; Modelo: FG-3; Quantidade: Conjunto com 3; Rocha.<\/span><\/p>\n","protected":false},"featured_media":0,"template":"","meta":{"_joinchat":[]},"product_brand":[],"product_cat":[141],"product_tag":[],"class_list":{"0":"post-35260","1":"product","2":"type-product","3":"status-publish","5":"product_cat-marcenaria","7":"first","8":"instock","9":"shipping-taxable","10":"purchasable","11":"product-type-simple"},"_links":{"self":[{"href":"https:\/\/www.multicasa.com.br\/cuiaba\/wp-json\/wp\/v2\/product\/35260","targetHints":{"allow":["GET"]}}],"collection":[{"href":"https:\/\/www.multicasa.com.br\/cuiaba\/wp-json\/wp\/v2\/product"}],"about":[{"href":"https:\/\/www.multicasa.com.br\/cuiaba\/wp-json\/wp\/v2\/types\/product"}],"wp:attachment":[{"href":"https:\/\/www.multicasa.com.br\/cuiaba\/wp-json\/wp\/v2\/media?parent=35260"}],"wp:term":[{"taxonomy":"product_brand","embeddable":true,"href":"https:\/\/www.multicasa.com.br\/cuiaba\/wp-json\/wp\/v2\/product_brand?post=35260"},{"taxonomy":"product_cat","embeddable":true,"href":"https:\/\/www.multicasa.com.br\/cuiaba\/wp-json\/wp\/v2\/product_cat?post=35260"},{"taxonomy":"product_tag","embeddable":true,"href":"https:\/\/www.multicasa.com.br\/cuiaba\/wp-json\/wp\/v2\/product_tag?post=35260"}],"curies":[{"name":"wp","href":"https:\/\/api.w.org\/{rel}","templated":true}]}}