{"id":35272,"date":"2026-03-11T18:07:55","date_gmt":"2026-03-11T22:07:55","guid":{"rendered":"https:\/\/www.multicasa.com.br\/cuiaba\/produto\/pulsador-silentoque-campainha-4x2-sem-placa\/"},"modified":"2026-03-11T20:43:34","modified_gmt":"2026-03-12T00:43:34","slug":"pulsador-silentoque-campainha-4x2-sem-placa","status":"publish","type":"product","link":"https:\/\/www.multicasa.com.br\/cuiaba\/produto\/pulsador-silentoque-campainha-4x2-sem-placa\/","title":{"rendered":"Pulsador Silentoque Campainha 4&#215;2 sem Placa<br>SKU: 377813"},"content":{"rendered":"<p>Pulsador Silentoque Campainha 4&#215;2 sem Placa<\/p>\n","protected":false},"excerpt":{"rendered":"<h4 style=\"margin: 0px;padding: 0px 0px 16px;font-family: Lato, sans-serif;font-weight: bold;line-height: 3rem;color: var(--dark-grey3);font-size: 22px;font-style: normal;letter-spacing: normal;text-align: start;text-indent: 0px;text-transform: none\">Informa\u00e7\u00f5es t\u00e9cnicas<\/h4>\n<p><span style=\"margin: 0px;padding: 0px;font-weight: 450;font-size: 14px;line-height: 21px;color: var(--dark-grey2);font-family: Lato, sans-serif;font-style: normal;letter-spacing: normal;text-align: start;text-indent: 0px;text-transform: none\">Linha: Silentoque; Fun\u00e7\u00e3o: Campainha; Formato: 4&#215;2 (M\u00f3dulo); Marca: Pial.<\/span><\/p>\n","protected":false},"featured_media":0,"template":"","meta":{"_joinchat":[]},"product_brand":[],"product_cat":[144],"product_tag":[],"class_list":{"0":"post-35272","1":"product","2":"type-product","3":"status-publish","5":"product_cat-tomadas-e-cia","7":"first","8":"instock","9":"shipping-taxable","10":"purchasable","11":"product-type-simple"},"_links":{"self":[{"href":"https:\/\/www.multicasa.com.br\/cuiaba\/wp-json\/wp\/v2\/product\/35272","targetHints":{"allow":["GET"]}}],"collection":[{"href":"https:\/\/www.multicasa.com.br\/cuiaba\/wp-json\/wp\/v2\/product"}],"about":[{"href":"https:\/\/www.multicasa.com.br\/cuiaba\/wp-json\/wp\/v2\/types\/product"}],"wp:attachment":[{"href":"https:\/\/www.multicasa.com.br\/cuiaba\/wp-json\/wp\/v2\/media?parent=35272"}],"wp:term":[{"taxonomy":"product_brand","embeddable":true,"href":"https:\/\/www.multicasa.com.br\/cuiaba\/wp-json\/wp\/v2\/product_brand?post=35272"},{"taxonomy":"product_cat","embeddable":true,"href":"https:\/\/www.multicasa.com.br\/cuiaba\/wp-json\/wp\/v2\/product_cat?post=35272"},{"taxonomy":"product_tag","embeddable":true,"href":"https:\/\/www.multicasa.com.br\/cuiaba\/wp-json\/wp\/v2\/product_tag?post=35272"}],"curies":[{"name":"wp","href":"https:\/\/api.w.org\/{rel}","templated":true}]}}