{"id":35349,"date":"2026-03-11T18:13:11","date_gmt":"2026-03-11T22:13:11","guid":{"rendered":"https:\/\/www.multicasa.com.br\/cuiaba\/produto\/barra-roscavel-1-4-1-metro\/"},"modified":"2026-04-15T15:50:49","modified_gmt":"2026-04-15T19:50:49","slug":"barra-roscavel-1-4-1-metro","status":"publish","type":"product","link":"https:\/\/www.multicasa.com.br\/cuiaba\/produto\/barra-roscavel-1-4-1-metro\/","title":{"rendered":"Barra Rosc\u00e1vel 1\/4&#8243; 1 metro<br>SKU: 942219"},"content":{"rendered":"<p>Barra Rosc\u00e1vel 1\/4&#8243; 1 metro<\/p>\n","protected":false},"excerpt":{"rendered":"<h4 style=\"margin: 0px;padding: 0px 0px 16px;font-family: Lato, sans-serif;font-weight: bold;line-height: 3rem;color: var(--dark-grey3);font-size: 22px;font-style: normal;letter-spacing: normal;text-align: start;text-indent: 0px;text-transform: none\">Informa\u00e7\u00f5es t\u00e9cnicas<\/h4>\n<p><span style=\"margin: 0px;padding: 0px;font-weight: 450;font-size: 14px;line-height: 21px;color: var(--dark-grey2);font-family: Lato, sans-serif;font-style: normal;letter-spacing: normal;text-align: start;text-indent: 0px;text-transform: none\">Di\u00e2metro: 1\/4&#8243;; Comprimento: 1 metro; Material: A\u00e7o Zincado.<\/span><\/p>\n","protected":false},"featured_media":0,"template":"","meta":{"_joinchat":[]},"product_brand":[],"product_cat":[135],"product_tag":[],"class_list":{"0":"post-35349","1":"product","2":"type-product","3":"status-publish","5":"product_cat-parafusos-e-buchas","7":"first","8":"instock","9":"shipping-taxable","10":"purchasable","11":"product-type-simple"},"_links":{"self":[{"href":"https:\/\/www.multicasa.com.br\/cuiaba\/wp-json\/wp\/v2\/product\/35349","targetHints":{"allow":["GET"]}}],"collection":[{"href":"https:\/\/www.multicasa.com.br\/cuiaba\/wp-json\/wp\/v2\/product"}],"about":[{"href":"https:\/\/www.multicasa.com.br\/cuiaba\/wp-json\/wp\/v2\/types\/product"}],"wp:attachment":[{"href":"https:\/\/www.multicasa.com.br\/cuiaba\/wp-json\/wp\/v2\/media?parent=35349"}],"wp:term":[{"taxonomy":"product_brand","embeddable":true,"href":"https:\/\/www.multicasa.com.br\/cuiaba\/wp-json\/wp\/v2\/product_brand?post=35349"},{"taxonomy":"product_cat","embeddable":true,"href":"https:\/\/www.multicasa.com.br\/cuiaba\/wp-json\/wp\/v2\/product_cat?post=35349"},{"taxonomy":"product_tag","embeddable":true,"href":"https:\/\/www.multicasa.com.br\/cuiaba\/wp-json\/wp\/v2\/product_tag?post=35349"}],"curies":[{"name":"wp","href":"https:\/\/api.w.org\/{rel}","templated":true}]}}