{"id":35397,"date":"2026-03-11T18:17:09","date_gmt":"2026-03-11T22:17:09","guid":{"rendered":"https:\/\/www.multicasa.com.br\/cuiaba\/produto\/fechadura-externa-4181-galaxy-cromada-alianca\/"},"modified":"2026-04-15T14:50:48","modified_gmt":"2026-04-15T18:50:48","slug":"fechadura-externa-4181-galaxy-cromada-alianca","status":"publish","type":"product","link":"https:\/\/www.multicasa.com.br\/cuiaba\/produto\/fechadura-externa-4181-galaxy-cromada-alianca\/","title":{"rendered":"Fechadura Externa 4181 Galaxy Cromada Alian\u00e7a<br>SKU: 1010416"},"content":{"rendered":"<p>Fechadura Externa 4181 Galaxy Cromada Alian\u00e7a<\/p>\n","protected":false},"excerpt":{"rendered":"<h4 style=\"margin: 0px;padding: 0px 0px 16px;font-family: Lato, sans-serif;font-weight: bold;line-height: 3rem;color: var(--dark-grey3);font-size: 22px;font-style: normal;letter-spacing: normal;text-align: start;text-indent: 0px;text-transform: none\">Informa\u00e7\u00f5es t\u00e9cnicas<\/h4>\n<p><span style=\"margin: 0px;padding: 0px;font-weight: 450;font-size: 14px;line-height: 21px;color: var(--dark-grey2);font-family: Lato, sans-serif;font-style: normal;letter-spacing: normal;text-align: start;text-indent: 0px;text-transform: none\">Modelo: Galaxy 4181; Acabamento: Cromado; Tipo: Externa; Marca: Alian\u00e7a.<\/span><\/p>\n","protected":false},"featured_media":0,"template":"","meta":{"_joinchat":[]},"product_brand":[],"product_cat":[141],"product_tag":[],"class_list":{"0":"post-35397","1":"product","2":"type-product","3":"status-publish","5":"product_cat-marcenaria","7":"first","8":"instock","9":"shipping-taxable","10":"purchasable","11":"product-type-simple"},"_links":{"self":[{"href":"https:\/\/www.multicasa.com.br\/cuiaba\/wp-json\/wp\/v2\/product\/35397","targetHints":{"allow":["GET"]}}],"collection":[{"href":"https:\/\/www.multicasa.com.br\/cuiaba\/wp-json\/wp\/v2\/product"}],"about":[{"href":"https:\/\/www.multicasa.com.br\/cuiaba\/wp-json\/wp\/v2\/types\/product"}],"wp:attachment":[{"href":"https:\/\/www.multicasa.com.br\/cuiaba\/wp-json\/wp\/v2\/media?parent=35397"}],"wp:term":[{"taxonomy":"product_brand","embeddable":true,"href":"https:\/\/www.multicasa.com.br\/cuiaba\/wp-json\/wp\/v2\/product_brand?post=35397"},{"taxonomy":"product_cat","embeddable":true,"href":"https:\/\/www.multicasa.com.br\/cuiaba\/wp-json\/wp\/v2\/product_cat?post=35397"},{"taxonomy":"product_tag","embeddable":true,"href":"https:\/\/www.multicasa.com.br\/cuiaba\/wp-json\/wp\/v2\/product_tag?post=35397"}],"curies":[{"name":"wp","href":"https:\/\/api.w.org\/{rel}","templated":true}]}}