{"id":35520,"date":"2026-03-11T18:27:00","date_gmt":"2026-03-11T22:27:00","guid":{"rendered":"https:\/\/www.multicasa.com.br\/cuiaba\/produto\/vassoura-plastica-para-folha-18-dentes-com-cabo\/"},"modified":"2026-04-07T11:51:42","modified_gmt":"2026-04-07T15:51:42","slug":"vassoura-plastica-para-folha-18-dentes-com-cabo","status":"publish","type":"product","link":"https:\/\/www.multicasa.com.br\/cuiaba\/produto\/vassoura-plastica-para-folha-18-dentes-com-cabo\/","title":{"rendered":"Vassoura Pl\u00e1stica para Folha 18 Dentes com Cabo<br>SKU: 2004249"},"content":{"rendered":"<p>Vassoura Pl\u00e1stica para Folha 18 Dentes com Cabo<\/p>\n","protected":false},"excerpt":{"rendered":"<h4 style=\"margin: 0px;padding: 0px 0px 16px;font-family: Lato, sans-serif;font-weight: bold;line-height: 3rem;color: var(--dark-grey3);font-size: 22px;font-style: normal;letter-spacing: normal;text-align: start;text-indent: 0px;text-transform: none\">Informa\u00e7\u00f5es t\u00e9cnicas<\/h4>\n<p><span style=\"margin: 0px;padding: 0px;font-weight: 450;font-size: 14px;line-height: 21px;color: var(--dark-grey2);font-family: Lato, sans-serif;font-style: normal;letter-spacing: normal;text-align: start;text-indent: 0px;text-transform: none\">Material: Pl\u00e1stico; Dentes: 18; Acompanha cabo de madeira.<\/span><\/p>\n","protected":false},"featured_media":0,"template":"","meta":{"_joinchat":[]},"product_brand":[],"product_cat":[76],"product_tag":[],"class_list":{"0":"post-35520","1":"product","2":"type-product","3":"status-publish","5":"product_cat-jardinagem","7":"first","8":"instock","9":"shipping-taxable","10":"purchasable","11":"product-type-simple"},"_links":{"self":[{"href":"https:\/\/www.multicasa.com.br\/cuiaba\/wp-json\/wp\/v2\/product\/35520","targetHints":{"allow":["GET"]}}],"collection":[{"href":"https:\/\/www.multicasa.com.br\/cuiaba\/wp-json\/wp\/v2\/product"}],"about":[{"href":"https:\/\/www.multicasa.com.br\/cuiaba\/wp-json\/wp\/v2\/types\/product"}],"wp:attachment":[{"href":"https:\/\/www.multicasa.com.br\/cuiaba\/wp-json\/wp\/v2\/media?parent=35520"}],"wp:term":[{"taxonomy":"product_brand","embeddable":true,"href":"https:\/\/www.multicasa.com.br\/cuiaba\/wp-json\/wp\/v2\/product_brand?post=35520"},{"taxonomy":"product_cat","embeddable":true,"href":"https:\/\/www.multicasa.com.br\/cuiaba\/wp-json\/wp\/v2\/product_cat?post=35520"},{"taxonomy":"product_tag","embeddable":true,"href":"https:\/\/www.multicasa.com.br\/cuiaba\/wp-json\/wp\/v2\/product_tag?post=35520"}],"curies":[{"name":"wp","href":"https:\/\/api.w.org\/{rel}","templated":true}]}}