{"id":35598,"date":"2026-03-11T18:33:15","date_gmt":"2026-03-11T22:33:15","guid":{"rendered":"https:\/\/www.multicasa.com.br\/cuiaba\/produto\/valvula-eliminadora-de-ar-3-4-mac-loren\/"},"modified":"2026-04-11T12:50:22","modified_gmt":"2026-04-11T16:50:22","slug":"valvula-eliminadora-de-ar-3-4-mac-loren","status":"publish","type":"product","link":"https:\/\/www.multicasa.com.br\/cuiaba\/produto\/valvula-eliminadora-de-ar-3-4-mac-loren\/","title":{"rendered":"V\u00e1lvula Eliminadora de Ar 3\/4&#8243; Mac Loren<br>SKU: 2018447"},"content":{"rendered":"<p>V\u00e1lvula Eliminadora de Ar 3\/4&#8243; Mac Loren<\/p>\n","protected":false},"excerpt":{"rendered":"<h4 style=\"margin: 0px;padding: 0px 0px 16px;font-family: Lato, sans-serif;font-weight: bold;line-height: 3rem;color: var(--dark-grey3);font-size: 22px;font-style: normal;letter-spacing: normal;text-align: start;text-indent: 0px;text-transform: none\">Informa\u00e7\u00f5es t\u00e9cnicas<\/h4>\n<p><span style=\"margin: 0px;padding: 0px;font-weight: 450;font-size: 14px;line-height: 21px;color: var(--dark-grey2);font-family: Lato, sans-serif;font-style: normal;letter-spacing: normal;text-align: start;text-indent: 0px;text-transform: none\">Bitola: 3\/4&#8243;; Fun\u00e7\u00e3o: Eliminar ar da tubula\u00e7\u00e3o; Marca: Mac Loren.<\/span><\/p>\n","protected":false},"featured_media":0,"template":"","meta":{"_joinchat":[]},"product_brand":[],"product_cat":[74],"product_tag":[],"class_list":{"0":"post-35598","1":"product","2":"type-product","3":"status-publish","5":"product_cat-reparos-hidraulicos","7":"first","8":"instock","9":"shipping-taxable","10":"purchasable","11":"product-type-simple"},"_links":{"self":[{"href":"https:\/\/www.multicasa.com.br\/cuiaba\/wp-json\/wp\/v2\/product\/35598","targetHints":{"allow":["GET"]}}],"collection":[{"href":"https:\/\/www.multicasa.com.br\/cuiaba\/wp-json\/wp\/v2\/product"}],"about":[{"href":"https:\/\/www.multicasa.com.br\/cuiaba\/wp-json\/wp\/v2\/types\/product"}],"wp:attachment":[{"href":"https:\/\/www.multicasa.com.br\/cuiaba\/wp-json\/wp\/v2\/media?parent=35598"}],"wp:term":[{"taxonomy":"product_brand","embeddable":true,"href":"https:\/\/www.multicasa.com.br\/cuiaba\/wp-json\/wp\/v2\/product_brand?post=35598"},{"taxonomy":"product_cat","embeddable":true,"href":"https:\/\/www.multicasa.com.br\/cuiaba\/wp-json\/wp\/v2\/product_cat?post=35598"},{"taxonomy":"product_tag","embeddable":true,"href":"https:\/\/www.multicasa.com.br\/cuiaba\/wp-json\/wp\/v2\/product_tag?post=35598"}],"curies":[{"name":"wp","href":"https:\/\/api.w.org\/{rel}","templated":true}]}}