{"id":35820,"date":"2026-03-11T18:53:32","date_gmt":"2026-03-11T22:53:32","guid":{"rendered":"https:\/\/www.multicasa.com.br\/cuiaba\/produto\/armario-aluminio-sobrepor-36x45cm-cinza\/"},"modified":"2026-03-31T17:52:34","modified_gmt":"2026-03-31T21:52:34","slug":"armario-aluminio-sobrepor-36x45cm-cinza","status":"publish","type":"product","link":"https:\/\/www.multicasa.com.br\/cuiaba\/produto\/armario-aluminio-sobrepor-36x45cm-cinza\/","title":{"rendered":"Arm\u00e1rio Alum\u00ednio Sobrepor 36x45cm Cinza<br>SKU: 2086040"},"content":{"rendered":"<p>Arm\u00e1rio Alum\u00ednio Sobrepor 36x45cm Cinza<\/p>\n","protected":false},"excerpt":{"rendered":"<h4 style=\"margin: 0px;padding: 0px 0px 16px;font-family: Lato, sans-serif;font-weight: bold;line-height: 3rem;color: var(--dark-grey3);font-size: 22px;font-style: normal;letter-spacing: normal;text-align: start;text-indent: 0px;text-transform: none\">Informa\u00e7\u00f5es t\u00e9cnicas<\/h4>\n<p><span style=\"margin: 0px;padding: 0px;font-weight: 450;font-size: 14px;line-height: 21px;color: var(--dark-grey2);font-family: Lato, sans-serif;font-style: normal;letter-spacing: normal;text-align: start;text-indent: 0px;text-transform: none\">Medida: 36x45cm; Modelo: AL44; Material: Alum\u00ednio; Marca: Astra.<\/span><\/p>\n","protected":false},"featured_media":0,"template":"","meta":{"_joinchat":[]},"product_brand":[],"product_cat":[72],"product_tag":[],"class_list":{"0":"post-35820","1":"product","2":"type-product","3":"status-publish","5":"product_cat-espelhos-e-cia","7":"first","8":"instock","9":"shipping-taxable","10":"purchasable","11":"product-type-simple"},"_links":{"self":[{"href":"https:\/\/www.multicasa.com.br\/cuiaba\/wp-json\/wp\/v2\/product\/35820","targetHints":{"allow":["GET"]}}],"collection":[{"href":"https:\/\/www.multicasa.com.br\/cuiaba\/wp-json\/wp\/v2\/product"}],"about":[{"href":"https:\/\/www.multicasa.com.br\/cuiaba\/wp-json\/wp\/v2\/types\/product"}],"wp:attachment":[{"href":"https:\/\/www.multicasa.com.br\/cuiaba\/wp-json\/wp\/v2\/media?parent=35820"}],"wp:term":[{"taxonomy":"product_brand","embeddable":true,"href":"https:\/\/www.multicasa.com.br\/cuiaba\/wp-json\/wp\/v2\/product_brand?post=35820"},{"taxonomy":"product_cat","embeddable":true,"href":"https:\/\/www.multicasa.com.br\/cuiaba\/wp-json\/wp\/v2\/product_cat?post=35820"},{"taxonomy":"product_tag","embeddable":true,"href":"https:\/\/www.multicasa.com.br\/cuiaba\/wp-json\/wp\/v2\/product_tag?post=35820"}],"curies":[{"name":"wp","href":"https:\/\/api.w.org\/{rel}","templated":true}]}}