{"id":36062,"date":"2026-03-11T19:18:23","date_gmt":"2026-03-11T23:18:23","guid":{"rendered":"https:\/\/www.multicasa.com.br\/cuiaba\/produto\/adaptador-sds-p-mandril-1-2-lotus\/"},"modified":"2026-03-17T13:00:14","modified_gmt":"2026-03-17T17:00:14","slug":"adaptador-sds-p-mandril-1-2-lotus","status":"publish","type":"product","link":"https:\/\/www.multicasa.com.br\/cuiaba\/produto\/adaptador-sds-p-mandril-1-2-lotus\/","title":{"rendered":"ADAPTADOR SDS P\/MANDRIL 1\/2 LOTUS<br>SKU: 2122397"},"content":{"rendered":"<p>ADAPTADOR SDS P\/MANDRIL 1\/2 LOTUS<\/p>\n","protected":false},"excerpt":{"rendered":"<h4 style=\"margin: 0px;padding: 0px 0px 16px;font-family: Lato, sans-serif;font-weight: bold;line-height: 3rem;color: var(--dark-grey3);font-size: 22px;font-style: normal;letter-spacing: normal;text-align: start;text-indent: 0px;text-transform: none\">Informa\u00e7\u00f5es t\u00e9cnicas<\/h4>\n<p><span style=\"margin: 0px;padding: 0px;font-weight: 450;font-size: 14px;line-height: 21px;color: var(--dark-grey2);font-family: Lato, sans-serif;font-style: normal;letter-spacing: normal;text-align: start;text-indent: 0px;text-transform: none\">Encaixe SDS Plus para Rosca 1\/2&#8243;, Lotus<\/span><\/p>\n","protected":false},"featured_media":0,"template":"","meta":{"_joinchat":[]},"product_brand":[],"product_cat":[137],"product_tag":[],"class_list":{"0":"post-36062","1":"product","2":"type-product","3":"status-publish","5":"product_cat-ferramentas-manuais","7":"first","8":"instock","9":"shipping-taxable","10":"purchasable","11":"product-type-simple"},"_links":{"self":[{"href":"https:\/\/www.multicasa.com.br\/cuiaba\/wp-json\/wp\/v2\/product\/36062","targetHints":{"allow":["GET"]}}],"collection":[{"href":"https:\/\/www.multicasa.com.br\/cuiaba\/wp-json\/wp\/v2\/product"}],"about":[{"href":"https:\/\/www.multicasa.com.br\/cuiaba\/wp-json\/wp\/v2\/types\/product"}],"wp:attachment":[{"href":"https:\/\/www.multicasa.com.br\/cuiaba\/wp-json\/wp\/v2\/media?parent=36062"}],"wp:term":[{"taxonomy":"product_brand","embeddable":true,"href":"https:\/\/www.multicasa.com.br\/cuiaba\/wp-json\/wp\/v2\/product_brand?post=36062"},{"taxonomy":"product_cat","embeddable":true,"href":"https:\/\/www.multicasa.com.br\/cuiaba\/wp-json\/wp\/v2\/product_cat?post=36062"},{"taxonomy":"product_tag","embeddable":true,"href":"https:\/\/www.multicasa.com.br\/cuiaba\/wp-json\/wp\/v2\/product_tag?post=36062"}],"curies":[{"name":"wp","href":"https:\/\/api.w.org\/{rel}","templated":true}]}}