{"id":36066,"date":"2026-03-11T19:18:44","date_gmt":"2026-03-11T23:18:44","guid":{"rendered":"https:\/\/www.multicasa.com.br\/cuiaba\/produto\/broca-mart-sds-12x260mm-lotus\/"},"modified":"2026-03-30T16:00:48","modified_gmt":"2026-03-30T20:00:48","slug":"broca-mart-sds-12x260mm-lotus","status":"publish","type":"product","link":"https:\/\/www.multicasa.com.br\/cuiaba\/produto\/broca-mart-sds-12x260mm-lotus\/","title":{"rendered":"BROCA MART.SDS 12X260MM LOTUS<br>SKU: 2122415"},"content":{"rendered":"<p>BROCA MART.SDS 12X260MM LOTUS<\/p>\n","protected":false},"excerpt":{"rendered":"<h4 style=\"margin: 0px;padding: 0px 0px 16px;font-family: Lato, sans-serif;font-weight: bold;line-height: 3rem;color: var(--dark-grey3);font-size: 22px;font-style: normal;letter-spacing: normal;text-align: start;text-indent: 0px;text-transform: none\">Informa\u00e7\u00f5es t\u00e9cnicas<\/h4>\n<p><span style=\"margin: 0px;padding: 0px;font-weight: 450;font-size: 14px;line-height: 21px;color: var(--dark-grey2);font-family: Lato, sans-serif;font-style: normal;letter-spacing: normal;text-align: start;text-indent: 0px;text-transform: none\">Medida 12x260mm, Marca Lotus<\/span><\/p>\n","protected":false},"featured_media":0,"template":"","meta":{"_joinchat":[]},"product_brand":[],"product_cat":[152],"product_tag":[],"class_list":{"0":"post-36066","1":"product","2":"type-product","3":"status-publish","5":"product_cat-ferramentas-eletricas","7":"first","8":"instock","9":"shipping-taxable","10":"purchasable","11":"product-type-simple"},"_links":{"self":[{"href":"https:\/\/www.multicasa.com.br\/cuiaba\/wp-json\/wp\/v2\/product\/36066","targetHints":{"allow":["GET"]}}],"collection":[{"href":"https:\/\/www.multicasa.com.br\/cuiaba\/wp-json\/wp\/v2\/product"}],"about":[{"href":"https:\/\/www.multicasa.com.br\/cuiaba\/wp-json\/wp\/v2\/types\/product"}],"wp:attachment":[{"href":"https:\/\/www.multicasa.com.br\/cuiaba\/wp-json\/wp\/v2\/media?parent=36066"}],"wp:term":[{"taxonomy":"product_brand","embeddable":true,"href":"https:\/\/www.multicasa.com.br\/cuiaba\/wp-json\/wp\/v2\/product_brand?post=36066"},{"taxonomy":"product_cat","embeddable":true,"href":"https:\/\/www.multicasa.com.br\/cuiaba\/wp-json\/wp\/v2\/product_cat?post=36066"},{"taxonomy":"product_tag","embeddable":true,"href":"https:\/\/www.multicasa.com.br\/cuiaba\/wp-json\/wp\/v2\/product_tag?post=36066"}],"curies":[{"name":"wp","href":"https:\/\/api.w.org\/{rel}","templated":true}]}}