{"id":36452,"date":"2026-03-11T19:53:13","date_gmt":"2026-03-11T23:53:13","guid":{"rendered":"https:\/\/www.multicasa.com.br\/cuiaba\/produto\/silicone-pu55-parabrisas-405g-pt-te\/"},"modified":"2026-03-27T14:22:47","modified_gmt":"2026-03-27T18:22:47","slug":"silicone-pu55-parabrisas-405g-pt-te","status":"publish","type":"product","link":"https:\/\/www.multicasa.com.br\/cuiaba\/produto\/silicone-pu55-parabrisas-405g-pt-te\/","title":{"rendered":"SILICONE PU55 PARABRISAS 405G PT TE<br>SKU: 2159217"},"content":{"rendered":"<p>SILICONE PU55 PARABRISAS 405G PT TE<\/p>\n","protected":false},"excerpt":{"rendered":"<h4 style=\"margin: 0px;padding: 0px 0px 16px;font-family: Lato, sans-serif;font-weight: bold;line-height: 3rem;color: var(--dark-grey3);font-size: 22px;font-style: normal;letter-spacing: normal;text-align: start;text-indent: 0px;text-transform: none\">Informa\u00e7\u00f5es t\u00e9cnicas<\/h4>\n<p><span style=\"margin: 0px;padding: 0px;font-weight: 450;font-size: 14px;line-height: 21px;color: var(--dark-grey2);font-family: Lato, sans-serif;font-style: normal;letter-spacing: normal;text-align: start;text-indent: 0px;text-transform: none\">Cor: Preto, Tubo 405g, Tekbond<\/span><\/p>\n","protected":false},"featured_media":0,"template":"","meta":{"_joinchat":[]},"product_brand":[],"product_cat":[162],"product_tag":[],"class_list":{"0":"post-36452","1":"product","2":"type-product","3":"status-publish","5":"product_cat-colas-e-cia","7":"first","8":"instock","9":"shipping-taxable","10":"purchasable","11":"product-type-simple"},"_links":{"self":[{"href":"https:\/\/www.multicasa.com.br\/cuiaba\/wp-json\/wp\/v2\/product\/36452","targetHints":{"allow":["GET"]}}],"collection":[{"href":"https:\/\/www.multicasa.com.br\/cuiaba\/wp-json\/wp\/v2\/product"}],"about":[{"href":"https:\/\/www.multicasa.com.br\/cuiaba\/wp-json\/wp\/v2\/types\/product"}],"wp:attachment":[{"href":"https:\/\/www.multicasa.com.br\/cuiaba\/wp-json\/wp\/v2\/media?parent=36452"}],"wp:term":[{"taxonomy":"product_brand","embeddable":true,"href":"https:\/\/www.multicasa.com.br\/cuiaba\/wp-json\/wp\/v2\/product_brand?post=36452"},{"taxonomy":"product_cat","embeddable":true,"href":"https:\/\/www.multicasa.com.br\/cuiaba\/wp-json\/wp\/v2\/product_cat?post=36452"},{"taxonomy":"product_tag","embeddable":true,"href":"https:\/\/www.multicasa.com.br\/cuiaba\/wp-json\/wp\/v2\/product_tag?post=36452"}],"curies":[{"name":"wp","href":"https:\/\/api.w.org\/{rel}","templated":true}]}}