{"id":36525,"date":"2026-03-11T19:59:31","date_gmt":"2026-03-11T23:59:31","guid":{"rendered":"https:\/\/www.multicasa.com.br\/cuiaba\/produto\/armario-emb-sob-32x465x95cm-bc-as\/"},"modified":"2026-03-31T16:51:16","modified_gmt":"2026-03-31T20:51:16","slug":"armario-emb-sob-32x465x95cm-bc-as","status":"publish","type":"product","link":"https:\/\/www.multicasa.com.br\/cuiaba\/produto\/armario-emb-sob-32x465x95cm-bc-as\/","title":{"rendered":"ARMARIO EMB\/SOB.32X46,5X9,5CM BC AS<br>SKU: 2165515"},"content":{"rendered":"<p>ARMARIO EMB\/SOB.32X46,5X9,5CM BC AS<\/p>\n","protected":false},"excerpt":{"rendered":"<h4 style=\"margin: 0px;padding: 0px 0px 16px;font-family: Lato, sans-serif;font-weight: bold;line-height: 3rem;color: var(--dark-grey3);font-size: 22px;font-style: normal;letter-spacing: normal;text-align: start;text-indent: 0px;text-transform: none\">Informa\u00e7\u00f5es t\u00e9cnicas<\/h4>\n<p><span style=\"margin: 0px;padding: 0px;font-weight: 450;font-size: 14px;line-height: 21px;color: var(--dark-grey2);font-family: Lato, sans-serif;font-style: normal;letter-spacing: normal;text-align: start;text-indent: 0px;text-transform: none\">32&#215;46,5&#215;9,5cm, Branco, Astra<\/span><\/p>\n","protected":false},"featured_media":0,"template":"","meta":{"_joinchat":[]},"product_brand":[],"product_cat":[66],"product_tag":[],"class_list":{"0":"post-36525","1":"product","2":"type-product","3":"status-publish","5":"product_cat-metais-basicos","7":"first","8":"instock","9":"shipping-taxable","10":"purchasable","11":"product-type-simple"},"_links":{"self":[{"href":"https:\/\/www.multicasa.com.br\/cuiaba\/wp-json\/wp\/v2\/product\/36525","targetHints":{"allow":["GET"]}}],"collection":[{"href":"https:\/\/www.multicasa.com.br\/cuiaba\/wp-json\/wp\/v2\/product"}],"about":[{"href":"https:\/\/www.multicasa.com.br\/cuiaba\/wp-json\/wp\/v2\/types\/product"}],"wp:attachment":[{"href":"https:\/\/www.multicasa.com.br\/cuiaba\/wp-json\/wp\/v2\/media?parent=36525"}],"wp:term":[{"taxonomy":"product_brand","embeddable":true,"href":"https:\/\/www.multicasa.com.br\/cuiaba\/wp-json\/wp\/v2\/product_brand?post=36525"},{"taxonomy":"product_cat","embeddable":true,"href":"https:\/\/www.multicasa.com.br\/cuiaba\/wp-json\/wp\/v2\/product_cat?post=36525"},{"taxonomy":"product_tag","embeddable":true,"href":"https:\/\/www.multicasa.com.br\/cuiaba\/wp-json\/wp\/v2\/product_tag?post=36525"}],"curies":[{"name":"wp","href":"https:\/\/api.w.org\/{rel}","templated":true}]}}