{"id":37124,"date":"2026-03-11T20:57:22","date_gmt":"2026-03-12T00:57:22","guid":{"rendered":"https:\/\/www.multicasa.com.br\/cuiaba\/produto\/driver-p-fita-slim-24w-12v-2a-avan\/"},"modified":"2026-03-12T00:54:03","modified_gmt":"2026-03-12T04:54:03","slug":"driver-p-fita-slim-24w-12v-2a-avan","status":"publish","type":"product","link":"https:\/\/www.multicasa.com.br\/cuiaba\/produto\/driver-p-fita-slim-24w-12v-2a-avan\/","title":{"rendered":"DRIVER P\/FITA SLIM 24W 12V 2A AVAN<br>SKU: 2211342"},"content":{"rendered":"<p>DRIVER P\/FITA SLIM 24W 12V 2A AVAN<\/p>\n","protected":false},"excerpt":{"rendered":"<h4 style=\"margin: 0px;padding: 0px 0px 16px;font-family: Lato, sans-serif;font-weight: bold;line-height: 3rem;color: var(--dark-grey3);font-size: 22px;font-style: normal;letter-spacing: normal;text-align: start;text-indent: 0px;text-transform: none\">Informa\u00e7\u00f5es t\u00e9cnicas<\/h4>\n<p><span style=\"margin: 0px;padding: 0px;font-weight: 450;font-size: 14px;line-height: 21px;color: var(--dark-grey2);font-family: Lato, sans-serif;font-style: normal;letter-spacing: normal;text-align: start;text-indent: 0px;text-transform: none\">24W, Sa\u00edda 12V 2A, Marca Avant<\/span><\/p>\n","protected":false},"featured_media":0,"template":"","meta":{"_joinchat":[]},"product_brand":[],"product_cat":[145],"product_tag":[],"class_list":{"0":"post-37124","1":"product","2":"type-product","3":"status-publish","5":"product_cat-leds-comerciais","7":"first","8":"instock","9":"shipping-taxable","10":"purchasable","11":"product-type-simple"},"_links":{"self":[{"href":"https:\/\/www.multicasa.com.br\/cuiaba\/wp-json\/wp\/v2\/product\/37124","targetHints":{"allow":["GET"]}}],"collection":[{"href":"https:\/\/www.multicasa.com.br\/cuiaba\/wp-json\/wp\/v2\/product"}],"about":[{"href":"https:\/\/www.multicasa.com.br\/cuiaba\/wp-json\/wp\/v2\/types\/product"}],"wp:attachment":[{"href":"https:\/\/www.multicasa.com.br\/cuiaba\/wp-json\/wp\/v2\/media?parent=37124"}],"wp:term":[{"taxonomy":"product_brand","embeddable":true,"href":"https:\/\/www.multicasa.com.br\/cuiaba\/wp-json\/wp\/v2\/product_brand?post=37124"},{"taxonomy":"product_cat","embeddable":true,"href":"https:\/\/www.multicasa.com.br\/cuiaba\/wp-json\/wp\/v2\/product_cat?post=37124"},{"taxonomy":"product_tag","embeddable":true,"href":"https:\/\/www.multicasa.com.br\/cuiaba\/wp-json\/wp\/v2\/product_tag?post=37124"}],"curies":[{"name":"wp","href":"https:\/\/api.w.org\/{rel}","templated":true}]}}