{"id":37492,"date":"2026-03-11T21:32:32","date_gmt":"2026-03-12T01:32:32","guid":{"rendered":"https:\/\/www.multicasa.com.br\/cuiaba\/produto\/dispenser-lavander-plast-23l-bg-ou\/"},"modified":"2026-03-11T21:54:49","modified_gmt":"2026-03-12T01:54:49","slug":"dispenser-lavander-plast-23l-bg-ou","status":"publish","type":"product","link":"https:\/\/www.multicasa.com.br\/cuiaba\/produto\/dispenser-lavander-plast-23l-bg-ou\/","title":{"rendered":"DISPENSER LAVANDER.PLAST.2,3L BG OU<br>SKU: 2233103"},"content":{"rendered":"<p>DISPENSER LAVANDER.PLAST.2,3L BG OU<\/p>\n","protected":false},"excerpt":{"rendered":"<h4 style=\"margin: 0px;padding: 0px 0px 16px;font-family: Lato, sans-serif;font-weight: bold;line-height: 3rem;color: var(--dark-grey3);font-size: 22px;font-style: normal;letter-spacing: normal;text-align: start;text-indent: 0px;text-transform: none\">Informa\u00e7\u00f5es t\u00e9cnicas<\/h4>\n<p><span style=\"margin: 0px;padding: 0px;font-weight: 450;font-size: 14px;line-height: 21px;color: var(--dark-grey2);font-family: Lato, sans-serif;font-style: normal;letter-spacing: normal;text-align: start;text-indent: 0px;text-transform: none\">Pl\u00e1stico, Cor Bege (BG), Marca Ou<\/span><\/p>\n","protected":false},"featured_media":0,"template":"","meta":{"_joinchat":[]},"product_brand":[],"product_cat":[63],"product_tag":[],"class_list":{"0":"post-37492","1":"product","2":"type-product","3":"status-publish","5":"product_cat-utilidades-do-lar","7":"first","8":"instock","9":"shipping-taxable","10":"purchasable","11":"product-type-simple"},"_links":{"self":[{"href":"https:\/\/www.multicasa.com.br\/cuiaba\/wp-json\/wp\/v2\/product\/37492","targetHints":{"allow":["GET"]}}],"collection":[{"href":"https:\/\/www.multicasa.com.br\/cuiaba\/wp-json\/wp\/v2\/product"}],"about":[{"href":"https:\/\/www.multicasa.com.br\/cuiaba\/wp-json\/wp\/v2\/types\/product"}],"wp:attachment":[{"href":"https:\/\/www.multicasa.com.br\/cuiaba\/wp-json\/wp\/v2\/media?parent=37492"}],"wp:term":[{"taxonomy":"product_brand","embeddable":true,"href":"https:\/\/www.multicasa.com.br\/cuiaba\/wp-json\/wp\/v2\/product_brand?post=37492"},{"taxonomy":"product_cat","embeddable":true,"href":"https:\/\/www.multicasa.com.br\/cuiaba\/wp-json\/wp\/v2\/product_cat?post=37492"},{"taxonomy":"product_tag","embeddable":true,"href":"https:\/\/www.multicasa.com.br\/cuiaba\/wp-json\/wp\/v2\/product_tag?post=37492"}],"curies":[{"name":"wp","href":"https:\/\/api.w.org\/{rel}","templated":true}]}}