{"id":37497,"date":"2026-03-11T21:33:01","date_gmt":"2026-03-12T01:33:01","guid":{"rendered":"https:\/\/www.multicasa.com.br\/cuiaba\/produto\/suporte-p-botijao-gas-c-roda-208-cr\/"},"modified":"2026-03-26T16:00:12","modified_gmt":"2026-03-26T20:00:12","slug":"suporte-p-botijao-gas-c-roda-208-cr","status":"publish","type":"product","link":"https:\/\/www.multicasa.com.br\/cuiaba\/produto\/suporte-p-botijao-gas-c-roda-208-cr\/","title":{"rendered":"SUPORTE P\/BOTIJAO GAS C\/RODA 208 CR<br>SKU: 2233168"},"content":{"rendered":"<p>SUPORTE P\/BOTIJAO GAS C\/RODA 208 CR<\/p>\n","protected":false},"excerpt":{"rendered":"<h4 style=\"margin: 0px;padding: 0px 0px 16px;font-family: Lato, sans-serif;font-weight: bold;line-height: 3rem;color: var(--dark-grey3);font-size: 22px;font-style: normal;letter-spacing: normal;text-align: start;text-indent: 0px;text-transform: none\">Informa\u00e7\u00f5es t\u00e9cnicas<\/h4>\n<p><span style=\"margin: 0px;padding: 0px;font-weight: 450;font-size: 14px;line-height: 21px;color: var(--dark-grey2);font-family: Lato, sans-serif;font-style: normal;letter-spacing: normal;text-align: start;text-indent: 0px;text-transform: none\">Com Rodas, Acabamento Cromado, Ref 208<\/span><\/p>\n","protected":false},"featured_media":0,"template":"","meta":{"_joinchat":[]},"product_brand":[],"product_cat":[141],"product_tag":[],"class_list":{"0":"post-37497","1":"product","2":"type-product","3":"status-publish","5":"product_cat-marcenaria","7":"first","8":"instock","9":"shipping-taxable","10":"purchasable","11":"product-type-simple"},"_links":{"self":[{"href":"https:\/\/www.multicasa.com.br\/cuiaba\/wp-json\/wp\/v2\/product\/37497","targetHints":{"allow":["GET"]}}],"collection":[{"href":"https:\/\/www.multicasa.com.br\/cuiaba\/wp-json\/wp\/v2\/product"}],"about":[{"href":"https:\/\/www.multicasa.com.br\/cuiaba\/wp-json\/wp\/v2\/types\/product"}],"wp:attachment":[{"href":"https:\/\/www.multicasa.com.br\/cuiaba\/wp-json\/wp\/v2\/media?parent=37497"}],"wp:term":[{"taxonomy":"product_brand","embeddable":true,"href":"https:\/\/www.multicasa.com.br\/cuiaba\/wp-json\/wp\/v2\/product_brand?post=37497"},{"taxonomy":"product_cat","embeddable":true,"href":"https:\/\/www.multicasa.com.br\/cuiaba\/wp-json\/wp\/v2\/product_cat?post=37497"},{"taxonomy":"product_tag","embeddable":true,"href":"https:\/\/www.multicasa.com.br\/cuiaba\/wp-json\/wp\/v2\/product_tag?post=37497"}],"curies":[{"name":"wp","href":"https:\/\/api.w.org\/{rel}","templated":true}]}}