{"id":38274,"date":"2026-03-11T22:41:00","date_gmt":"2026-03-12T02:41:00","guid":{"rendered":"https:\/\/www.multicasa.com.br\/cuiaba\/produto\/refletor-led-150w-3-0k-ip66-cristal\/"},"modified":"2026-03-12T00:55:45","modified_gmt":"2026-03-12T04:55:45","slug":"refletor-led-150w-3-0k-ip66-cristal","status":"publish","type":"product","link":"https:\/\/www.multicasa.com.br\/cuiaba\/produto\/refletor-led-150w-3-0k-ip66-cristal\/","title":{"rendered":"REFLETOR LED 150W 3.0K IP66 CRISTAL<br>SKU: 2265458"},"content":{"rendered":"<p>REFLETOR LED 150W 3.0K IP66 CRISTAL<\/p>\n","protected":false},"excerpt":{"rendered":"<h4 style=\"margin: 0px;padding: 0px 0px 16px;font-family: Lato, sans-serif;font-weight: bold;line-height: 3rem;color: var(--dark-grey3);font-size: 22px;font-style: normal;letter-spacing: normal;text-align: start;text-indent: 0px;text-transform: none\">Informa\u00e7\u00f5es t\u00e9cnicas<\/h4>\n<p><span style=\"margin: 0px;padding: 0px;font-weight: 450;font-size: 14px;line-height: 21px;color: var(--dark-grey2);font-family: Lato, sans-serif;font-style: normal;letter-spacing: normal;text-align: start;text-indent: 0px;text-transform: none\">3000K (Luz Quente), IP66, Cristalluxe<\/span><\/p>\n","protected":false},"featured_media":0,"template":"","meta":{"_joinchat":[]},"product_brand":[],"product_cat":[78],"product_tag":[],"class_list":{"0":"post-38274","1":"product","2":"type-product","3":"status-publish","5":"product_cat-iluminacao-comercial","7":"first","8":"instock","9":"shipping-taxable","10":"purchasable","11":"product-type-simple"},"_links":{"self":[{"href":"https:\/\/www.multicasa.com.br\/cuiaba\/wp-json\/wp\/v2\/product\/38274","targetHints":{"allow":["GET"]}}],"collection":[{"href":"https:\/\/www.multicasa.com.br\/cuiaba\/wp-json\/wp\/v2\/product"}],"about":[{"href":"https:\/\/www.multicasa.com.br\/cuiaba\/wp-json\/wp\/v2\/types\/product"}],"wp:attachment":[{"href":"https:\/\/www.multicasa.com.br\/cuiaba\/wp-json\/wp\/v2\/media?parent=38274"}],"wp:term":[{"taxonomy":"product_brand","embeddable":true,"href":"https:\/\/www.multicasa.com.br\/cuiaba\/wp-json\/wp\/v2\/product_brand?post=38274"},{"taxonomy":"product_cat","embeddable":true,"href":"https:\/\/www.multicasa.com.br\/cuiaba\/wp-json\/wp\/v2\/product_cat?post=38274"},{"taxonomy":"product_tag","embeddable":true,"href":"https:\/\/www.multicasa.com.br\/cuiaba\/wp-json\/wp\/v2\/product_tag?post=38274"}],"curies":[{"name":"wp","href":"https:\/\/api.w.org\/{rel}","templated":true}]}}