{"id":38339,"date":"2026-03-11T22:46:52","date_gmt":"2026-03-12T02:46:52","guid":{"rendered":"https:\/\/www.multicasa.com.br\/cuiaba\/produto\/registro-esf-p-gas-reto-1-2x3-8-all\/"},"modified":"2026-03-12T01:42:15","modified_gmt":"2026-03-12T05:42:15","slug":"registro-esf-p-gas-reto-1-2x3-8-all","status":"publish","type":"product","link":"https:\/\/www.multicasa.com.br\/cuiaba\/produto\/registro-esf-p-gas-reto-1-2x3-8-all\/","title":{"rendered":"REGISTRO ESF.P\/GAS RETO 1\/2X3\/8 ALL<br>SKU: 2266969"},"content":{"rendered":"<p>REGISTRO ESF.P\/GAS RETO 1\/2X3\/8 ALL<\/p>\n","protected":false},"excerpt":{"rendered":"<h4 style=\"margin: 0px;padding: 0px 0px 16px;font-family: Lato, sans-serif;font-weight: bold;line-height: 3rem;color: var(--dark-grey3);font-size: 22px;font-style: normal;letter-spacing: normal;text-align: start;text-indent: 0px;text-transform: none\">Informa\u00e7\u00f5es t\u00e9cnicas<\/h4>\n<p><span style=\"margin: 0px;padding: 0px;font-weight: 450;font-size: 14px;line-height: 21px;color: var(--dark-grey2);font-family: Lato, sans-serif;font-style: normal;letter-spacing: normal;text-align: start;text-indent: 0px;text-transform: none\">Modelo Reto, Medida 1\/2&#8243; x 3\/8&#8243;, Alian\u00e7a<\/span><\/p>\n","protected":false},"featured_media":0,"template":"","meta":{"_joinchat":[]},"product_brand":[],"product_cat":[94],"product_tag":[],"class_list":{"0":"post-38339","1":"product","2":"type-product","3":"status-publish","5":"product_cat-gas","7":"first","8":"instock","9":"shipping-taxable","10":"purchasable","11":"product-type-simple"},"_links":{"self":[{"href":"https:\/\/www.multicasa.com.br\/cuiaba\/wp-json\/wp\/v2\/product\/38339","targetHints":{"allow":["GET"]}}],"collection":[{"href":"https:\/\/www.multicasa.com.br\/cuiaba\/wp-json\/wp\/v2\/product"}],"about":[{"href":"https:\/\/www.multicasa.com.br\/cuiaba\/wp-json\/wp\/v2\/types\/product"}],"wp:attachment":[{"href":"https:\/\/www.multicasa.com.br\/cuiaba\/wp-json\/wp\/v2\/media?parent=38339"}],"wp:term":[{"taxonomy":"product_brand","embeddable":true,"href":"https:\/\/www.multicasa.com.br\/cuiaba\/wp-json\/wp\/v2\/product_brand?post=38339"},{"taxonomy":"product_cat","embeddable":true,"href":"https:\/\/www.multicasa.com.br\/cuiaba\/wp-json\/wp\/v2\/product_cat?post=38339"},{"taxonomy":"product_tag","embeddable":true,"href":"https:\/\/www.multicasa.com.br\/cuiaba\/wp-json\/wp\/v2\/product_tag?post=38339"}],"curies":[{"name":"wp","href":"https:\/\/api.w.org\/{rel}","templated":true}]}}