{"id":38943,"date":"2026-03-11T23:43:28","date_gmt":"2026-03-12T03:43:28","guid":{"rendered":"https:\/\/www.multicasa.com.br\/cuiaba\/produto\/capacitor-p-ven-12uf-2fio-250v-rima\/"},"modified":"2026-04-18T13:00:27","modified_gmt":"2026-04-18T17:00:27","slug":"capacitor-p-ven-12uf-2fio-250v-rima","status":"publish","type":"product","link":"https:\/\/www.multicasa.com.br\/cuiaba\/produto\/capacitor-p-ven-12uf-2fio-250v-rima\/","title":{"rendered":"CAPACITOR P\/VEN.12UF 2FIO 250V RIMA<br>SKU: 3578429"},"content":{"rendered":"<p>CAPACITOR P\/VEN.12UF 2FIO 250V RIMA<\/p>\n","protected":false},"excerpt":{"rendered":"<h4 style=\"margin: 0px;padding: 0px 0px 16px;font-family: Lato, sans-serif;font-weight: bold;line-height: 3rem;color: var(--dark-grey3);font-size: 22px;font-style: normal;letter-spacing: normal;text-align: start;text-indent: 0px;text-transform: none\">Informa\u00e7\u00f5es t\u00e9cnicas<\/h4>\n<p><span style=\"margin: 0px;padding: 0px;font-weight: 450;font-size: 14px;line-height: 21px;color: var(--dark-grey2);font-family: Lato, sans-serif;font-style: normal;letter-spacing: normal;text-align: start;text-indent: 0px;text-transform: none\">12uF, 2 Fios, Tens\u00e3o 250V, Rima<\/span><\/p>\n","protected":false},"featured_media":0,"template":"","meta":{"_joinchat":[]},"product_brand":[],"product_cat":[149],"product_tag":[],"class_list":{"0":"post-38943","1":"product","2":"type-product","3":"status-publish","5":"product_cat-ventiladores-comerciais","7":"first","8":"instock","9":"shipping-taxable","10":"purchasable","11":"product-type-simple"},"_links":{"self":[{"href":"https:\/\/www.multicasa.com.br\/cuiaba\/wp-json\/wp\/v2\/product\/38943","targetHints":{"allow":["GET"]}}],"collection":[{"href":"https:\/\/www.multicasa.com.br\/cuiaba\/wp-json\/wp\/v2\/product"}],"about":[{"href":"https:\/\/www.multicasa.com.br\/cuiaba\/wp-json\/wp\/v2\/types\/product"}],"wp:attachment":[{"href":"https:\/\/www.multicasa.com.br\/cuiaba\/wp-json\/wp\/v2\/media?parent=38943"}],"wp:term":[{"taxonomy":"product_brand","embeddable":true,"href":"https:\/\/www.multicasa.com.br\/cuiaba\/wp-json\/wp\/v2\/product_brand?post=38943"},{"taxonomy":"product_cat","embeddable":true,"href":"https:\/\/www.multicasa.com.br\/cuiaba\/wp-json\/wp\/v2\/product_cat?post=38943"},{"taxonomy":"product_tag","embeddable":true,"href":"https:\/\/www.multicasa.com.br\/cuiaba\/wp-json\/wp\/v2\/product_tag?post=38943"}],"curies":[{"name":"wp","href":"https:\/\/api.w.org\/{rel}","templated":true}]}}