{"id":7423,"date":"2025-06-20T17:22:38","date_gmt":"2025-06-20T21:22:38","guid":{"rendered":"http:\/\/www.multicasa.com.br\/cuiaba\/?post_type=product&#038;p=7423"},"modified":"2025-12-16T18:18:23","modified_gmt":"2025-12-16T22:18:23","slug":"massa-adesiva-plastica-cinza-ibere-400g","status":"publish","type":"product","link":"https:\/\/www.multicasa.com.br\/cuiaba\/produto\/massa-adesiva-plastica-cinza-ibere-400g\/","title":{"rendered":"Massa Adesiva Pl\u00e1stica Cinza Iber\u00ea 400g<br>SKU: 880310"},"content":{"rendered":"<p>Massa Adesiva Pl\u00e1stica Cinza Iber\u00ea 400g, produzida com a mais alta tecnologia cray valley, ideal para utilizar em caixas d?agua, telhas, banheiras, piscinas, funilaria de autos e complementos automotivos e etc.<br \/>\nPossui secagem ao toque de 4 a 7 minutos e cura total de 48 a 72 horas e acompanha um catalizador para acelerar a secagem da massa pl\u00e1stica.<\/p>\n","protected":false},"excerpt":{"rendered":"<h4 style=\"margin: 0px;padding: 0px 0px 16px;font-family: Lato, sans-serif;font-weight: bold;line-height: 3rem;color: var(--dark-grey3);font-size: 22px;font-style: normal;letter-spacing: normal;text-align: start;text-indent: 0px;text-transform: none\">Informa\u00e7\u00f5es t\u00e9cnicas<\/h4>\n<p><span style=\"margin: 0px;padding: 0px;font-weight: 450;font-size: 14px;line-height: 21px;color: var(--dark-grey2);font-family: Lato, sans-serif;font-style: normal;letter-spacing: normal;text-align: start;text-indent: 0px;text-transform: none\">Produto: Massa Adesiva<br \/>\nMarca: Iber\u00ea<br \/>\nCor: Cinza<br \/>\nConte\u00fado: 400g<br \/>\nCaracter\u00edsticas: Sem aditivos<br \/>\nDerivado do petr\u00f3leo<br \/>\nMaior a\u00e7\u00e3o penetrante<br \/>\nQuantidade de pe\u00e7as: 2<br \/>\nItens Inclusos: 1 massa Adesiva<br \/>\n1 catalisador para secagem<\/span><\/p>\n","protected":false},"featured_media":7480,"template":"","meta":{"_joinchat":[]},"product_brand":[],"product_cat":[143],"product_tag":[],"class_list":{"0":"post-7423","1":"product","2":"type-product","3":"status-publish","4":"has-post-thumbnail","6":"product_cat-tintas-e-cia","8":"first","9":"instock","10":"shipping-taxable","11":"purchasable","12":"product-type-simple"},"_links":{"self":[{"href":"https:\/\/www.multicasa.com.br\/cuiaba\/wp-json\/wp\/v2\/product\/7423","targetHints":{"allow":["GET"]}}],"collection":[{"href":"https:\/\/www.multicasa.com.br\/cuiaba\/wp-json\/wp\/v2\/product"}],"about":[{"href":"https:\/\/www.multicasa.com.br\/cuiaba\/wp-json\/wp\/v2\/types\/product"}],"wp:featuredmedia":[{"embeddable":true,"href":"https:\/\/www.multicasa.com.br\/cuiaba\/wp-json\/wp\/v2\/media\/7480"}],"wp:attachment":[{"href":"https:\/\/www.multicasa.com.br\/cuiaba\/wp-json\/wp\/v2\/media?parent=7423"}],"wp:term":[{"taxonomy":"product_brand","embeddable":true,"href":"https:\/\/www.multicasa.com.br\/cuiaba\/wp-json\/wp\/v2\/product_brand?post=7423"},{"taxonomy":"product_cat","embeddable":true,"href":"https:\/\/www.multicasa.com.br\/cuiaba\/wp-json\/wp\/v2\/product_cat?post=7423"},{"taxonomy":"product_tag","embeddable":true,"href":"https:\/\/www.multicasa.com.br\/cuiaba\/wp-json\/wp\/v2\/product_tag?post=7423"}],"curies":[{"name":"wp","href":"https:\/\/api.w.org\/{rel}","templated":true}]}}