{"id":7454,"date":"2025-06-20T17:23:01","date_gmt":"2025-06-20T21:23:01","guid":{"rendered":"http:\/\/www.multicasa.com.br\/cuiaba\/?post_type=product&#038;p=7454"},"modified":"2026-04-06T09:50:31","modified_gmt":"2026-04-06T13:50:31","slug":"modulo-placa-3-postos-juntos-branco-pial-4x2","status":"publish","type":"product","link":"https:\/\/www.multicasa.com.br\/cuiaba\/produto\/modulo-placa-3-postos-juntos-branco-pial-4x2\/","title":{"rendered":"M\u00f3dulo Placa 3 Postos Juntos Branco Pial 4&#215;2<br>SKU: 1998510"},"content":{"rendered":"<p>O M\u00f3dulo Placa 3 Postos Pial \u00e9 original e combina com todo tipo de decora\u00e7\u00e3o. Produzido em pl\u00e1stico isolante branco 4&#215;2, possui 3 postos verticais juntos para uso de tomadas ou interruptores. Proporciona conforto e beleza para ambientes residenciais e comerciais.<\/p>\n","protected":false},"excerpt":{"rendered":"<h4 style=\"margin: 0px;padding: 0px 0px 16px;font-family: Lato, sans-serif;font-weight: bold;line-height: 3rem;color: var(--dark-grey3);font-size: 22px;font-style: normal;letter-spacing: normal;text-align: start;text-indent: 0px;text-transform: none\">Informa\u00e7\u00f5es t\u00e9cnicas<\/h4>\n<p><span style=\"margin: 0px;padding: 0px;font-weight: 450;font-size: 14px;line-height: 21px;color: var(--dark-grey2);font-family: Lato, sans-serif;font-style: normal;letter-spacing: normal;text-align: start;text-indent: 0px;text-transform: none\">Produto: M\u00f3dulo Placa<br \/>\nMarca: Pial<br \/>\nMaterial: Pl\u00e1stico isolante<br \/>\nCor: Branco<br \/>\nCaracter\u00edsticas: Vertical<br \/>\n3 postos juntos<br \/>\nItens inclusos: 1m\u00f3dulo<br \/>\nDimens\u00f5es do produto em polegadas: 4&#215;2<br \/>\nDimens\u00f5es do produto (A X L): 18 x 8cm<br \/>\n<\/span><\/p>\n","protected":false},"featured_media":7488,"template":"","meta":{"_joinchat":[]},"product_brand":[],"product_cat":[144],"product_tag":[],"class_list":{"0":"post-7454","1":"product","2":"type-product","3":"status-publish","4":"has-post-thumbnail","6":"product_cat-tomadas-e-cia","8":"first","9":"instock","10":"shipping-taxable","11":"purchasable","12":"product-type-simple"},"_links":{"self":[{"href":"https:\/\/www.multicasa.com.br\/cuiaba\/wp-json\/wp\/v2\/product\/7454","targetHints":{"allow":["GET"]}}],"collection":[{"href":"https:\/\/www.multicasa.com.br\/cuiaba\/wp-json\/wp\/v2\/product"}],"about":[{"href":"https:\/\/www.multicasa.com.br\/cuiaba\/wp-json\/wp\/v2\/types\/product"}],"wp:featuredmedia":[{"embeddable":true,"href":"https:\/\/www.multicasa.com.br\/cuiaba\/wp-json\/wp\/v2\/media\/7488"}],"wp:attachment":[{"href":"https:\/\/www.multicasa.com.br\/cuiaba\/wp-json\/wp\/v2\/media?parent=7454"}],"wp:term":[{"taxonomy":"product_brand","embeddable":true,"href":"https:\/\/www.multicasa.com.br\/cuiaba\/wp-json\/wp\/v2\/product_brand?post=7454"},{"taxonomy":"product_cat","embeddable":true,"href":"https:\/\/www.multicasa.com.br\/cuiaba\/wp-json\/wp\/v2\/product_cat?post=7454"},{"taxonomy":"product_tag","embeddable":true,"href":"https:\/\/www.multicasa.com.br\/cuiaba\/wp-json\/wp\/v2\/product_tag?post=7454"}],"curies":[{"name":"wp","href":"https:\/\/api.w.org\/{rel}","templated":true}]}}