{"id":7461,"date":"2025-06-20T17:23:01","date_gmt":"2025-06-20T21:23:01","guid":{"rendered":"http:\/\/www.multicasa.com.br\/cuiaba\/?post_type=product&#038;p=7461"},"modified":"2026-03-25T08:51:03","modified_gmt":"2026-03-25T12:51:03","slug":"painel-led-quadrado-de-sobrepor-luz-fria-taschibra-18w-bivolt","status":"publish","type":"product","link":"https:\/\/www.multicasa.com.br\/cuiaba\/produto\/painel-led-quadrado-de-sobrepor-luz-fria-taschibra-18w-bivolt\/","title":{"rendered":"Painel Led Quadrado de Sobrepor Luz Fria Taschibra 18W Bivolt<br>SKU: 2128583"},"content":{"rendered":"<p>O Painel Led Quadrado Taschibra possui vida \u00fatil e garante at\u00e9 85% de economia. Conta com design arrojado de sobrepor, sua pot\u00eancia \u00e9 de 18w, \u00e9 bivolt e possui 1260LM. Ideal para dar um toque de modernidade ao ambiente.<\/p>\n","protected":false},"excerpt":{"rendered":"<h4 style=\"margin: 0px;padding: 0px 0px 16px;font-family: Lato, sans-serif;font-weight: bold;line-height: 3rem;color: var(--dark-grey3);font-size: 22px;font-style: normal;letter-spacing: normal;text-align: start;text-indent: 0px;text-transform: none\">Informa\u00e7\u00f5es t\u00e9cnicas<\/h4>\n<p><span style=\"margin: 0px;padding: 0px;font-weight: 450;font-size: 14px;line-height: 21px;color: var(--dark-grey2);font-family: Lato, sans-serif;font-style: normal;letter-spacing: normal;text-align: start;text-indent: 0px;text-transform: none\">Produto: Painel Led<br \/>\nMarca: Taschibra<br \/>\nModelo: Led Lux<br \/>\nMaterial: Alum\u00ednio<br \/>\nCor: Branco<br \/>\nCor da Luz: Branca 6500k<br \/>\nPot\u00eancia: 18w<br \/>\nTens\u00e3o el\u00e9trica: Bivolt 100v &#8211; 240v<br \/>\nCaracter\u00edsticas: Caixa quadrada<br \/>\nFluxo luminoso 1260LM<br \/>\nEfici\u00eancia luminosa 70lm\/W<br \/>\nFrequ\u00eancia 50\/60hz<br \/>\nFator De Pot\u00eancia 0,5<br \/>\nTemperatura da opera\u00e7\u00e3o -10 a 40 graus<br \/>\n\u00c2ngulo de abertura 120\u00b0<br \/>\n\u00cdndice de prote\u00e7\u00e3o Ip20<br \/>\nVida \u00fatil 20.000 horas<br \/>\nItens Inclusos: 1 Painel Led<br \/>\nDimens\u00f5es do produto (A X L X P): 22 x 22 x 1,5cm<br \/>\nGarantia: 3 Anos pelo fabricante<\/span><\/p>\n","protected":false},"featured_media":7514,"template":"","meta":{"_joinchat":[]},"product_brand":[],"product_cat":[145],"product_tag":[],"class_list":{"0":"post-7461","1":"product","2":"type-product","3":"status-publish","4":"has-post-thumbnail","6":"product_cat-leds-comerciais","8":"first","9":"instock","10":"shipping-taxable","11":"purchasable","12":"product-type-simple"},"_links":{"self":[{"href":"https:\/\/www.multicasa.com.br\/cuiaba\/wp-json\/wp\/v2\/product\/7461","targetHints":{"allow":["GET"]}}],"collection":[{"href":"https:\/\/www.multicasa.com.br\/cuiaba\/wp-json\/wp\/v2\/product"}],"about":[{"href":"https:\/\/www.multicasa.com.br\/cuiaba\/wp-json\/wp\/v2\/types\/product"}],"wp:featuredmedia":[{"embeddable":true,"href":"https:\/\/www.multicasa.com.br\/cuiaba\/wp-json\/wp\/v2\/media\/7514"}],"wp:attachment":[{"href":"https:\/\/www.multicasa.com.br\/cuiaba\/wp-json\/wp\/v2\/media?parent=7461"}],"wp:term":[{"taxonomy":"product_brand","embeddable":true,"href":"https:\/\/www.multicasa.com.br\/cuiaba\/wp-json\/wp\/v2\/product_brand?post=7461"},{"taxonomy":"product_cat","embeddable":true,"href":"https:\/\/www.multicasa.com.br\/cuiaba\/wp-json\/wp\/v2\/product_cat?post=7461"},{"taxonomy":"product_tag","embeddable":true,"href":"https:\/\/www.multicasa.com.br\/cuiaba\/wp-json\/wp\/v2\/product_tag?post=7461"}],"curies":[{"name":"wp","href":"https:\/\/api.w.org\/{rel}","templated":true}]}}