{"id":7496,"date":"2025-06-20T17:23:25","date_gmt":"2025-06-20T21:23:25","guid":{"rendered":"http:\/\/www.multicasa.com.br\/cuiaba\/?post_type=product&#038;p=7496"},"modified":"2026-04-20T18:00:17","modified_gmt":"2026-04-20T22:00:17","slug":"verniz-spray-uso-geral-incolor-tekbond-350ml","status":"publish","type":"product","link":"https:\/\/www.multicasa.com.br\/cuiaba\/produto\/verniz-spray-uso-geral-incolor-tekbond-350ml\/","title":{"rendered":"Verniz Spray Uso Geral Incolor Tekbond 350ml<br>SKU: 3639690"},"content":{"rendered":"<p>O Verniz Spray de Uso Geral Tekbond 350ml \u00e9 um verniz desenvolvido para o acabamento de todas as cores da linha supercolor met\u00e1lica, pode ser utilizado em ambientes internos e externos para aplica\u00e7\u00f5es em ferro, a\u00e7o, madeira, cer\u00e2mica, gesso, entre outros. Verniz de secagem r\u00e1pida e \u00f3tima resist\u00eancia a intemp\u00e9ries que proporciona um excelente acabamento, poder de cobertura e efeito decorativo.<br \/>\nPara utilizar, aplique de 2 a 3 dem\u00e3os em camadas bem finas e entre cada dem\u00e3o de verniz, aguarde um intervalo de 1 a 3 minutos, a cura total \u00e9 em 24 horas e para testes mec\u00e2nicos, \u00e9 recomendado 72 horas. Mantenha em local coberto e ventilado (temperatura inferior a 50\u00b0 c).<br \/>\nTenha uma tinta com maior durabilidade comparada \u00e0s tintas comuns com o verniz spray!<\/p>\n","protected":false},"excerpt":{"rendered":"<h4 style=\"margin: 0px;padding: 0px 0px 16px;font-family: Lato, sans-serif;font-weight: bold;line-height: 3rem;color: var(--dark-grey3);font-size: 22px;font-style: normal;letter-spacing: normal;text-align: start;text-indent: 0px;text-transform: none\">Informa\u00e7\u00f5es t\u00e9cnicas<\/h4>\n<p><span style=\"margin: 0px;padding: 0px;font-weight: 450;font-size: 14px;line-height: 21px;color: var(--dark-grey2);font-family: Lato, sans-serif;font-style: normal;letter-spacing: normal;text-align: start;text-indent: 0px;text-transform: none\">Produto: Verniz Spray<br \/>\nMarca: Tekbond<br \/>\nCor: Incolor<br \/>\nConte\u00fado: 350ml<br \/>\nCaracter\u00edsticas: Rendimento de 1,7m\u00b2 a 2,1m\u00b2<br \/>\nUso interno e externo<br \/>\nSecagem r\u00e1pida<br \/>\nBico aplicador anat\u00f4mico<br \/>\nItens Inclusos: 1 Verniz Spray<br \/>\nDicas de uso e preserva\u00e7\u00e3o: Manter em local coberto e ventilado<br \/>\nN\u00e3o armazenar em locais com temperatura maior que 50\u00b0C<\/span><\/p>\n","protected":false},"featured_media":7529,"template":"","meta":{"_joinchat":[]},"product_brand":[],"product_cat":[143],"product_tag":[],"class_list":{"0":"post-7496","1":"product","2":"type-product","3":"status-publish","4":"has-post-thumbnail","6":"product_cat-tintas-e-cia","8":"first","9":"instock","10":"shipping-taxable","11":"purchasable","12":"product-type-simple"},"_links":{"self":[{"href":"https:\/\/www.multicasa.com.br\/cuiaba\/wp-json\/wp\/v2\/product\/7496","targetHints":{"allow":["GET"]}}],"collection":[{"href":"https:\/\/www.multicasa.com.br\/cuiaba\/wp-json\/wp\/v2\/product"}],"about":[{"href":"https:\/\/www.multicasa.com.br\/cuiaba\/wp-json\/wp\/v2\/types\/product"}],"wp:featuredmedia":[{"embeddable":true,"href":"https:\/\/www.multicasa.com.br\/cuiaba\/wp-json\/wp\/v2\/media\/7529"}],"wp:attachment":[{"href":"https:\/\/www.multicasa.com.br\/cuiaba\/wp-json\/wp\/v2\/media?parent=7496"}],"wp:term":[{"taxonomy":"product_brand","embeddable":true,"href":"https:\/\/www.multicasa.com.br\/cuiaba\/wp-json\/wp\/v2\/product_brand?post=7496"},{"taxonomy":"product_cat","embeddable":true,"href":"https:\/\/www.multicasa.com.br\/cuiaba\/wp-json\/wp\/v2\/product_cat?post=7496"},{"taxonomy":"product_tag","embeddable":true,"href":"https:\/\/www.multicasa.com.br\/cuiaba\/wp-json\/wp\/v2\/product_tag?post=7496"}],"curies":[{"name":"wp","href":"https:\/\/api.w.org\/{rel}","templated":true}]}}