{"id":7498,"date":"2025-06-20T17:23:25","date_gmt":"2025-06-20T21:23:25","guid":{"rendered":"http:\/\/www.multicasa.com.br\/cuiaba\/?post_type=product&#038;p=7498"},"modified":"2026-04-06T09:50:17","modified_gmt":"2026-04-06T13:50:17","slug":"miolo-thesi-1t-paralelo-10-a-bc-pial","status":"publish","type":"product","link":"https:\/\/www.multicasa.com.br\/cuiaba\/produto\/miolo-thesi-1t-paralelo-10-a-bc-pial\/","title":{"rendered":"Miolo Thesi 1T Paralelo 10 A Bc Pial<br>SKU: 505510"},"content":{"rendered":"<p>MIOLO THESI 1TP 10 A BC PIAL  tem relevo suave que se adapta perfeitamente \u00e0 parede. Design contempor\u00e2neo para atender as necessidades atuais das instala\u00e7\u00f5es el\u00e9tricas. Servem para ligar e desligar uma l\u00e2mpada (ou grupo de l\u00e2mpadas) a partir de dois pontos de comando (dois interruptores).<\/p>\n","protected":false},"excerpt":{"rendered":"<h4 style=\"margin: 0px;padding: 0px 0px 16px;font-family: Lato, sans-serif;font-weight: bold;line-height: 3rem;color: var(--dark-grey3);font-size: 22px;font-style: normal;letter-spacing: normal;text-align: start;text-indent: 0px;text-transform: none\">Informa\u00e7\u00f5es t\u00e9cnicas<\/h4>\n<p><span style=\"margin: 0px;padding: 0px;font-weight: 450;font-size: 14px;line-height: 21px;color: var(--dark-grey2);font-family: Lato, sans-serif;font-style: normal;letter-spacing: normal;text-align: start;text-indent: 0px;text-transform: none\">Produto: MIOLO THESI 1TP 10 A BC PIAL<br \/>\nMarca: Pial<br \/>\nMaterial: ABS antiest\u00e1tico<br \/>\nCor: Branca<br \/>\nCaracter\u00edsticas: Serve para ligar e desligar uma l\u00e2mpada (ou grupo de l\u00e2mpadas) a partir de dois pontos de comando (dois interruptores).<br \/>\n<\/span><\/p>\n","protected":false},"featured_media":25594,"template":"","meta":{"_joinchat":[]},"product_brand":[],"product_cat":[144],"product_tag":[],"class_list":{"0":"post-7498","1":"product","2":"type-product","3":"status-publish","4":"has-post-thumbnail","6":"product_cat-tomadas-e-cia","8":"first","9":"instock","10":"shipping-taxable","11":"purchasable","12":"product-type-simple"},"_links":{"self":[{"href":"https:\/\/www.multicasa.com.br\/cuiaba\/wp-json\/wp\/v2\/product\/7498","targetHints":{"allow":["GET"]}}],"collection":[{"href":"https:\/\/www.multicasa.com.br\/cuiaba\/wp-json\/wp\/v2\/product"}],"about":[{"href":"https:\/\/www.multicasa.com.br\/cuiaba\/wp-json\/wp\/v2\/types\/product"}],"wp:featuredmedia":[{"embeddable":true,"href":"https:\/\/www.multicasa.com.br\/cuiaba\/wp-json\/wp\/v2\/media\/25594"}],"wp:attachment":[{"href":"https:\/\/www.multicasa.com.br\/cuiaba\/wp-json\/wp\/v2\/media?parent=7498"}],"wp:term":[{"taxonomy":"product_brand","embeddable":true,"href":"https:\/\/www.multicasa.com.br\/cuiaba\/wp-json\/wp\/v2\/product_brand?post=7498"},{"taxonomy":"product_cat","embeddable":true,"href":"https:\/\/www.multicasa.com.br\/cuiaba\/wp-json\/wp\/v2\/product_cat?post=7498"},{"taxonomy":"product_tag","embeddable":true,"href":"https:\/\/www.multicasa.com.br\/cuiaba\/wp-json\/wp\/v2\/product_tag?post=7498"}],"curies":[{"name":"wp","href":"https:\/\/api.w.org\/{rel}","templated":true}]}}