{"id":7499,"date":"2025-06-20T17:23:25","date_gmt":"2025-06-20T21:23:25","guid":{"rendered":"http:\/\/www.multicasa.com.br\/cuiaba\/?post_type=product&#038;p=7499"},"modified":"2026-03-28T11:00:27","modified_gmt":"2026-03-28T15:00:27","slug":"miolo-thesi-1t-simples-10a-bc-pial","status":"publish","type":"product","link":"https:\/\/www.multicasa.com.br\/cuiaba\/produto\/miolo-thesi-1t-simples-10a-bc-pial\/","title":{"rendered":"Miolo Thesi 1T Simples 10A Bc Pial.<br>SKU: 505919"},"content":{"rendered":"<p>MIOLO THESI 1TS 10 A BC PIAL  \u00e9 totalmente modular, permitindo com que suas liga\u00e7\u00f5es sejam feitas com a combina\u00e7\u00e3o de fun\u00e7\u00f5es que melhor atenda \u00e0s necessidades do seu ambiente. Servem para ligar e desligar uma l\u00e2mpada (ou grupo de l\u00e2mpadas) a partir de dois pontos de comando (dois interruptores).<\/p>\n","protected":false},"excerpt":{"rendered":"<h4 style=\"margin: 0px;padding: 0px 0px 16px;font-family: Lato, sans-serif;font-weight: bold;line-height: 3rem;color: var(--dark-grey3);font-size: 22px;font-style: normal;letter-spacing: normal;text-align: start;text-indent: 0px;text-transform: none\">Informa\u00e7\u00f5es t\u00e9cnicas<\/h4>\n<p><span style=\"margin: 0px;padding: 0px;font-weight: 450;font-size: 14px;line-height: 21px;color: var(--dark-grey2);font-family: Lato, sans-serif;font-style: normal;letter-spacing: normal;text-align: start;text-indent: 0px;text-transform: none\">Produto: MIOLO THESI 1TS 10 A BC PIAL<br \/>\nMarca: Pial<br \/>\nMaterial: termoplastico<br \/>\nCor: Branca<br \/>\nCaracter\u00edsticas: Serve para ligar e desligar uma l\u00e2mpada (ou grupo de l\u00e2mpadas) a partir de dois pontos de comando (dois interruptores).<\/span><\/p>\n","protected":false},"featured_media":25595,"template":"","meta":{"_joinchat":[]},"product_brand":[],"product_cat":[144],"product_tag":[],"class_list":{"0":"post-7499","1":"product","2":"type-product","3":"status-publish","4":"has-post-thumbnail","6":"product_cat-tomadas-e-cia","8":"first","9":"instock","10":"shipping-taxable","11":"purchasable","12":"product-type-simple"},"_links":{"self":[{"href":"https:\/\/www.multicasa.com.br\/cuiaba\/wp-json\/wp\/v2\/product\/7499","targetHints":{"allow":["GET"]}}],"collection":[{"href":"https:\/\/www.multicasa.com.br\/cuiaba\/wp-json\/wp\/v2\/product"}],"about":[{"href":"https:\/\/www.multicasa.com.br\/cuiaba\/wp-json\/wp\/v2\/types\/product"}],"wp:featuredmedia":[{"embeddable":true,"href":"https:\/\/www.multicasa.com.br\/cuiaba\/wp-json\/wp\/v2\/media\/25595"}],"wp:attachment":[{"href":"https:\/\/www.multicasa.com.br\/cuiaba\/wp-json\/wp\/v2\/media?parent=7499"}],"wp:term":[{"taxonomy":"product_brand","embeddable":true,"href":"https:\/\/www.multicasa.com.br\/cuiaba\/wp-json\/wp\/v2\/product_brand?post=7499"},{"taxonomy":"product_cat","embeddable":true,"href":"https:\/\/www.multicasa.com.br\/cuiaba\/wp-json\/wp\/v2\/product_cat?post=7499"},{"taxonomy":"product_tag","embeddable":true,"href":"https:\/\/www.multicasa.com.br\/cuiaba\/wp-json\/wp\/v2\/product_tag?post=7499"}],"curies":[{"name":"wp","href":"https:\/\/api.w.org\/{rel}","templated":true}]}}