{"id":7502,"date":"2025-06-20T17:23:25","date_gmt":"2025-06-20T21:23:25","guid":{"rendered":"http:\/\/www.multicasa.com.br\/cuiaba\/?post_type=product&#038;p=7502"},"modified":"2025-11-21T10:14:35","modified_gmt":"2025-11-21T14:14:35","slug":"registro-pvc-esfera-rapido-50mm-tigre","status":"publish","type":"product","link":"https:\/\/www.multicasa.com.br\/cuiaba\/produto\/registro-pvc-esfera-rapido-50mm-tigre\/","title":{"rendered":"Registro Pvc Esfera Rapido 50Mm Tigre<br>SKU: 667811"},"content":{"rendered":"<p>REGISTRO PVC FEC.RAPIDO 50MM TIGRE. Serve para controlar o fluxo do l\u00edquido que passa pela tubula\u00e7\u00e3o, pode ser aplicada em: Barriletes de pr\u00e9dios, piscinas (exceto modelo VS compacto),<br \/>\nirriga\u00e7\u00e3o,m\u00e1quinas de lavar, piscicultura,saneamento, ind\u00fastria, agricultura, constru\u00e7\u00e3o naval, etc. F\u00e1cil de instalar, Longa vida \u00fatil; Elevada resist\u00eancia qu\u00edmica; Excelente resist\u00eancia a press\u00e3o.<\/p>\n","protected":false},"excerpt":{"rendered":"<h4 style=\"margin: 0px;padding: 0px 0px 16px;font-family: Lato, sans-serif;font-weight: bold;line-height: 3rem;color: var(--dark-grey3);font-size: 22px;font-style: normal;letter-spacing: normal;text-align: start;text-indent: 0px;text-transform: none\">Informa\u00e7\u00f5es t\u00e9cnicas<\/h4>\n<p><span style=\"margin: 0px;padding: 0px;font-weight: 450;font-size: 14px;line-height: 21px;color: var(--dark-grey2);font-family: Lato, sans-serif;font-style: normal;letter-spacing: normal;text-align: start;text-indent: 0px;text-transform: none\">Produto: REGISTRO PVC FEC.RAPIDO 50MM<br \/>\nMarca: Tigre<br \/>\nMaterial: PVC<br \/>\nCor: Marrom e laranja<br \/>\nCaracter\u00edsticas: Controlar o fluxo do l\u00edquido que passa pela tubula\u00e7\u00e3o;<br \/>\nBitola: 50mm<\/span><\/p>\n","protected":false},"featured_media":25914,"template":"","meta":{"_joinchat":[]},"product_brand":[],"product_cat":[73],"product_tag":[],"class_list":{"0":"post-7502","1":"product","2":"type-product","3":"status-publish","4":"has-post-thumbnail","6":"product_cat-tubos-e-conexoes","8":"first","9":"instock","10":"shipping-taxable","11":"purchasable","12":"product-type-simple"},"_links":{"self":[{"href":"https:\/\/www.multicasa.com.br\/cuiaba\/wp-json\/wp\/v2\/product\/7502","targetHints":{"allow":["GET"]}}],"collection":[{"href":"https:\/\/www.multicasa.com.br\/cuiaba\/wp-json\/wp\/v2\/product"}],"about":[{"href":"https:\/\/www.multicasa.com.br\/cuiaba\/wp-json\/wp\/v2\/types\/product"}],"wp:featuredmedia":[{"embeddable":true,"href":"https:\/\/www.multicasa.com.br\/cuiaba\/wp-json\/wp\/v2\/media\/25914"}],"wp:attachment":[{"href":"https:\/\/www.multicasa.com.br\/cuiaba\/wp-json\/wp\/v2\/media?parent=7502"}],"wp:term":[{"taxonomy":"product_brand","embeddable":true,"href":"https:\/\/www.multicasa.com.br\/cuiaba\/wp-json\/wp\/v2\/product_brand?post=7502"},{"taxonomy":"product_cat","embeddable":true,"href":"https:\/\/www.multicasa.com.br\/cuiaba\/wp-json\/wp\/v2\/product_cat?post=7502"},{"taxonomy":"product_tag","embeddable":true,"href":"https:\/\/www.multicasa.com.br\/cuiaba\/wp-json\/wp\/v2\/product_tag?post=7502"}],"curies":[{"name":"wp","href":"https:\/\/api.w.org\/{rel}","templated":true}]}}