{"id":7543,"date":"2025-06-20T17:23:47","date_gmt":"2025-06-20T21:23:47","guid":{"rendered":"http:\/\/www.multicasa.com.br\/cuiaba\/?post_type=product&#038;p=7543"},"modified":"2025-10-29T13:04:15","modified_gmt":"2025-10-29T17:04:15","slug":"tubo-aquatherm-22mm-3m-tigre","status":"publish","type":"product","link":"https:\/\/www.multicasa.com.br\/cuiaba\/produto\/tubo-aquatherm-22mm-3m-tigre\/","title":{"rendered":"Tubo Aquatherm 22Mm 3M Tigre<br>SKU: 875210"},"content":{"rendered":"<p>TUBO AQUATHERM 22MM 3M TIGRE. \u00c9 a vers\u00e3o ideal para conduzir \u00e1gua quente de um jeito f\u00e1cil, seguro e eficiente. O item \u00e9 um produto indispens\u00e1vel na constru\u00e7\u00e3o ou reforma de sua resid\u00eancia ou com\u00e9rcio. Facilidade na hora da instala\u00e7\u00e3o, dispensando m\u00e3o de obra especializada e equipamentos especiais,bom isolamento t\u00e9rmico. Devido a sua baixa condutividade t\u00e9rmica, o cano n\u00e3o necessita de isolante t\u00e9rmico. Durabilidade, pois n\u00e3o sofre ataques qu\u00edmicos das subst\u00e2ncias presentes na \u00e1gua. <\/p>\n","protected":false},"excerpt":{"rendered":"<h4 style=\"margin: 0px;padding: 0px 0px 16px;font-family: Lato, sans-serif;font-weight: bold;line-height: 3rem;color: var(--dark-grey3);font-size: 22px;font-style: normal;letter-spacing: normal;text-align: start;text-indent: 0px;text-transform: none\">Informa\u00e7\u00f5es t\u00e9cnicas<\/h4>\n<p><span style=\"margin: 0px;padding: 0px;font-weight: 450;font-size: 14px;line-height: 21px;color: var(--dark-grey2);font-family: Lato, sans-serif;font-style: normal;letter-spacing: normal;text-align: start;text-indent: 0px;text-transform: none\">Producto: TUBO AQUATHERM 22 MM 3M<br \/>\nMarca: Tigre<br \/>\nMaterial: PVC<br \/>\nCor: Branco<br \/>\nCaracter\u00edsticas: conduzir \u00e1gua quente de um jeito f\u00e1cil, seguro e eficiente.<br \/>\nDimens\u00f5es:<br \/>\nBitola em Polegadas\t3\/4 &#8221;<br \/>\nBitola em Mil\u00edmetros\t22 mm<br \/>\nComprimento\t3 m<br \/>\nEspessura\t2,2 mm<\/span><\/p>\n","protected":false},"featured_media":26165,"template":"","meta":{"_joinchat":[]},"product_brand":[],"product_cat":[73],"product_tag":[],"class_list":{"0":"post-7543","1":"product","2":"type-product","3":"status-publish","4":"has-post-thumbnail","6":"product_cat-tubos-e-conexoes","8":"first","9":"instock","10":"shipping-taxable","11":"purchasable","12":"product-type-simple"},"_links":{"self":[{"href":"https:\/\/www.multicasa.com.br\/cuiaba\/wp-json\/wp\/v2\/product\/7543","targetHints":{"allow":["GET"]}}],"collection":[{"href":"https:\/\/www.multicasa.com.br\/cuiaba\/wp-json\/wp\/v2\/product"}],"about":[{"href":"https:\/\/www.multicasa.com.br\/cuiaba\/wp-json\/wp\/v2\/types\/product"}],"wp:featuredmedia":[{"embeddable":true,"href":"https:\/\/www.multicasa.com.br\/cuiaba\/wp-json\/wp\/v2\/media\/26165"}],"wp:attachment":[{"href":"https:\/\/www.multicasa.com.br\/cuiaba\/wp-json\/wp\/v2\/media?parent=7543"}],"wp:term":[{"taxonomy":"product_brand","embeddable":true,"href":"https:\/\/www.multicasa.com.br\/cuiaba\/wp-json\/wp\/v2\/product_brand?post=7543"},{"taxonomy":"product_cat","embeddable":true,"href":"https:\/\/www.multicasa.com.br\/cuiaba\/wp-json\/wp\/v2\/product_cat?post=7543"},{"taxonomy":"product_tag","embeddable":true,"href":"https:\/\/www.multicasa.com.br\/cuiaba\/wp-json\/wp\/v2\/product_tag?post=7543"}],"curies":[{"name":"wp","href":"https:\/\/api.w.org\/{rel}","templated":true}]}}