{"id":7581,"date":"2025-06-20T17:24:08","date_gmt":"2025-06-20T21:24:08","guid":{"rendered":"http:\/\/www.multicasa.com.br\/cuiaba\/?post_type=product&#038;p=7581"},"modified":"2026-03-17T15:51:57","modified_gmt":"2026-03-17T19:51:57","slug":"curva-90-pvc-p-esgoto-100mm-longa-tigre","status":"publish","type":"product","link":"https:\/\/www.multicasa.com.br\/cuiaba\/produto\/curva-90-pvc-p-esgoto-100mm-longa-tigre\/","title":{"rendered":"Curva 90\u00b0 Pvc P\/ Esgoto 100Mm Longa Tigre<br>SKU: 231215"},"content":{"rendered":"<p>Curva 90\u00b0 longa para esgoto de 100mm, \u00e9 indicada para a mudan\u00e7a de dire\u00e7\u00e3o  em \u00e2ngulo de 90\u00b0. Pr\u00e1tica instala\u00e7\u00e3o, r\u00e1pida e de f\u00e1cil manuseio.<\/p>\n","protected":false},"excerpt":{"rendered":"<h4 style=\"margin: 0px;padding: 0px 0px 16px;font-family: Lato, sans-serif;font-weight: bold;line-height: 3rem;color: var(--dark-grey3);font-size: 22px;font-style: normal;letter-spacing: normal;text-align: start;text-indent: 0px;text-transform: none\">Informa\u00e7\u00f5es t\u00e9cnicas<\/h4>\n<p><span style=\"margin: 0px;padding: 0px;font-weight: 450;font-size: 14px;line-height: 21px;color: var(--dark-grey2);font-family: Lato, sans-serif;font-style: normal;letter-spacing: normal;text-align: start;text-indent: 0px;text-transform: none\">PRODUTO: CURVA 90\u00b0 PVC P\/ ESGOTO 100MM LONGA<br \/>\nMARCA: TIGRE<br \/>\nMATERIAL: PVC R\u00cdGIDO<br \/>\nCOR: BRANCO<br \/>\nDI\u00c2METRO: 100MM<br \/>\n\u00c2NGULO: 90\u00b0<\/span><\/p>\n","protected":false},"featured_media":25052,"template":"","meta":{"_joinchat":[]},"product_brand":[],"product_cat":[73],"product_tag":[],"class_list":{"0":"post-7581","1":"product","2":"type-product","3":"status-publish","4":"has-post-thumbnail","6":"product_cat-tubos-e-conexoes","8":"first","9":"instock","10":"shipping-taxable","11":"purchasable","12":"product-type-simple"},"_links":{"self":[{"href":"https:\/\/www.multicasa.com.br\/cuiaba\/wp-json\/wp\/v2\/product\/7581","targetHints":{"allow":["GET"]}}],"collection":[{"href":"https:\/\/www.multicasa.com.br\/cuiaba\/wp-json\/wp\/v2\/product"}],"about":[{"href":"https:\/\/www.multicasa.com.br\/cuiaba\/wp-json\/wp\/v2\/types\/product"}],"wp:featuredmedia":[{"embeddable":true,"href":"https:\/\/www.multicasa.com.br\/cuiaba\/wp-json\/wp\/v2\/media\/25052"}],"wp:attachment":[{"href":"https:\/\/www.multicasa.com.br\/cuiaba\/wp-json\/wp\/v2\/media?parent=7581"}],"wp:term":[{"taxonomy":"product_brand","embeddable":true,"href":"https:\/\/www.multicasa.com.br\/cuiaba\/wp-json\/wp\/v2\/product_brand?post=7581"},{"taxonomy":"product_cat","embeddable":true,"href":"https:\/\/www.multicasa.com.br\/cuiaba\/wp-json\/wp\/v2\/product_cat?post=7581"},{"taxonomy":"product_tag","embeddable":true,"href":"https:\/\/www.multicasa.com.br\/cuiaba\/wp-json\/wp\/v2\/product_tag?post=7581"}],"curies":[{"name":"wp","href":"https:\/\/api.w.org\/{rel}","templated":true}]}}