{"id":7584,"date":"2025-06-20T17:24:08","date_gmt":"2025-06-20T21:24:08","guid":{"rendered":"http:\/\/www.multicasa.com.br\/cuiaba\/?post_type=product&#038;p=7584"},"modified":"2026-03-17T15:52:19","modified_gmt":"2026-03-17T19:52:19","slug":"curva-90-pvc-soldavel-40mm-tigre","status":"publish","type":"product","link":"https:\/\/www.multicasa.com.br\/cuiaba\/produto\/curva-90-pvc-soldavel-40mm-tigre\/","title":{"rendered":"Curva 90 Pvc Soldavel 40Mm Tigre<br>SKU: 232319"},"content":{"rendered":"<p>A Curva 90\u00b0 Sold\u00e1vel de 40mm Marrom da Tigre \u00e9 indicada para utiliza\u00e7\u00e3o em mudan\u00e7a de dire\u00e7\u00e3o de redes em \u00e2ngulo de 90\u00b0 (graus), com menor perda de carga. Bolsas sold\u00e1veis, com raio longo e pr\u00e1tica instala\u00e7\u00e3o, r\u00e1pida e de f\u00e1cil manuseio. Recomenda-se n\u00e3o bater ao introduzir a pe\u00e7a, lixar e limpar.<\/p>\n","protected":false},"excerpt":{"rendered":"<h4 style=\"margin: 0px;padding: 0px 0px 16px;font-family: Lato, sans-serif;font-weight: bold;line-height: 3rem;color: var(--dark-grey3);font-size: 22px;font-style: normal;letter-spacing: normal;text-align: start;text-indent: 0px;text-transform: none\">Informa\u00e7\u00f5es t\u00e9cnicas<\/h4>\n<p><span style=\"margin: 0px;padding: 0px;font-weight: 450;font-size: 14px;line-height: 21px;color: var(--dark-grey2);font-family: Lato, sans-serif;font-style: normal;letter-spacing: normal;text-align: start;text-indent: 0px;text-transform: none\">Marca: Tigre<br \/>\nPeso (kg): 0,142<br \/>\nProduto: Curva 90\u00b0 40 mm Sold\u00e1vel Marrom<br \/>\nTipo: PVC<br \/>\nUso Indicado: Mudar Dire\u00e7\u00e3o em \u00c2ngulo de 90\u00b0<br \/>\nTipo de Material:\tCurvas<br \/>\nBitola em Mil\u00edmetros:\t40<br \/>\nNorma T\u00e9cnica: NBR 5648 e NBR 5626<br \/>\nRefer\u00eancia do Produto no Fornecedor: 22120409<br \/>\nCor:\t Marrom<br \/>\nTemperatura M\u00e1xima da \u00c1gua:\tTemperatua ambiente (20\u00b0C)<br \/>\nPress\u00e3o M\u00e1xima de Funcionamento: 7,5kgf\/cm\u00b2, a temperatura de 20\u00baC.<br \/>\n\u00c2ngulo (graus): 90\u00b0<\/span><\/p>\n","protected":false},"featured_media":25049,"template":"","meta":{"_joinchat":[]},"product_brand":[],"product_cat":[73],"product_tag":[],"class_list":{"0":"post-7584","1":"product","2":"type-product","3":"status-publish","4":"has-post-thumbnail","6":"product_cat-tubos-e-conexoes","8":"first","9":"instock","10":"shipping-taxable","11":"purchasable","12":"product-type-simple"},"_links":{"self":[{"href":"https:\/\/www.multicasa.com.br\/cuiaba\/wp-json\/wp\/v2\/product\/7584","targetHints":{"allow":["GET"]}}],"collection":[{"href":"https:\/\/www.multicasa.com.br\/cuiaba\/wp-json\/wp\/v2\/product"}],"about":[{"href":"https:\/\/www.multicasa.com.br\/cuiaba\/wp-json\/wp\/v2\/types\/product"}],"wp:featuredmedia":[{"embeddable":true,"href":"https:\/\/www.multicasa.com.br\/cuiaba\/wp-json\/wp\/v2\/media\/25049"}],"wp:attachment":[{"href":"https:\/\/www.multicasa.com.br\/cuiaba\/wp-json\/wp\/v2\/media?parent=7584"}],"wp:term":[{"taxonomy":"product_brand","embeddable":true,"href":"https:\/\/www.multicasa.com.br\/cuiaba\/wp-json\/wp\/v2\/product_brand?post=7584"},{"taxonomy":"product_cat","embeddable":true,"href":"https:\/\/www.multicasa.com.br\/cuiaba\/wp-json\/wp\/v2\/product_cat?post=7584"},{"taxonomy":"product_tag","embeddable":true,"href":"https:\/\/www.multicasa.com.br\/cuiaba\/wp-json\/wp\/v2\/product_tag?post=7584"}],"curies":[{"name":"wp","href":"https:\/\/api.w.org\/{rel}","templated":true}]}}