{"id":7585,"date":"2025-06-20T17:24:08","date_gmt":"2025-06-20T21:24:08","guid":{"rendered":"http:\/\/www.multicasa.com.br\/cuiaba\/?post_type=product&#038;p=7585"},"modified":"2026-03-17T15:52:23","modified_gmt":"2026-03-17T19:52:23","slug":"curva-90-pvc-soldavel-50mm-tigre","status":"publish","type":"product","link":"https:\/\/www.multicasa.com.br\/cuiaba\/produto\/curva-90-pvc-soldavel-50mm-tigre\/","title":{"rendered":"Curva 90\u00b0 Pvc Sold\u00e1vel 50Mm Tigre<br>SKU: 232416"},"content":{"rendered":"<p>A Curva sold\u00e1vel de 50mm marrom da Tigre \u00e9 indicada para utiliza\u00e7\u00e3o em mudan\u00e7a de dire\u00e7\u00e3o de redes em \u00e2ngulo de 90\u00b0 (graus), com menor perda de carga.<\/p>\n","protected":false},"excerpt":{"rendered":"<h4 style=\"margin: 0px; padding: 0px 0px 16px; font-family: Lato, sans-serif; font-weight: bold; line-height: 3rem; color: var(--dark-grey3); font-size: 22px; font-style: normal; letter-spacing: normal; text-align: start; text-indent: 0px; text-transform: none;\">Informa\u00e7\u00f5es t\u00e9cnicas<\/h4>\n<p><span style=\"margin: 0px; padding: 0px; font-weight: 450; font-size: 14px; line-height: 21px; color: var(--dark-grey2); font-family: Lato, sans-serif; font-style: normal; letter-spacing: normal; text-align: start; text-indent: 0px; text-transform: none;\">Produto: CURVA SOLD\u00c1VEL<br \/>\nMarca: Tigre<br \/>\nPeso (kg): 0,231<br \/>\nTipo: PVC<br \/>\nDimens\u00f5es aproximadas do Produto com Embalagem (cm) &#8211; AxLxP: 16,1&#215;16,1&#215;3 cm<br \/>\nBitola em Mil\u00edmetros: 50<br \/>\nConte\u00fado da Embalagem: 1 Curva<br \/>\nNorma T\u00e9cnica: NBR 5648 e NBR 5626<br \/>\nRefer\u00eancia do Produto no Fornecedor: 22120506<br \/>\nCor: Marrom<br \/>\nPress\u00e3o M\u00e1xima de Funcionamento: 7,5kgf\/cm\u00b2, a temperatura de 20\u00baC.<br \/>\nngulo (graus): 90\u00b0<br \/>\nPossui Entrada: N\u00e3o<\/span><\/p>\n<p>&nbsp;<\/p>\n","protected":false},"featured_media":27066,"template":"","meta":{"_joinchat":[]},"product_brand":[],"product_cat":[73],"product_tag":[],"class_list":{"0":"post-7585","1":"product","2":"type-product","3":"status-publish","4":"has-post-thumbnail","6":"product_cat-tubos-e-conexoes","8":"first","9":"instock","10":"shipping-taxable","11":"purchasable","12":"product-type-simple"},"_links":{"self":[{"href":"https:\/\/www.multicasa.com.br\/cuiaba\/wp-json\/wp\/v2\/product\/7585","targetHints":{"allow":["GET"]}}],"collection":[{"href":"https:\/\/www.multicasa.com.br\/cuiaba\/wp-json\/wp\/v2\/product"}],"about":[{"href":"https:\/\/www.multicasa.com.br\/cuiaba\/wp-json\/wp\/v2\/types\/product"}],"wp:featuredmedia":[{"embeddable":true,"href":"https:\/\/www.multicasa.com.br\/cuiaba\/wp-json\/wp\/v2\/media\/27066"}],"wp:attachment":[{"href":"https:\/\/www.multicasa.com.br\/cuiaba\/wp-json\/wp\/v2\/media?parent=7585"}],"wp:term":[{"taxonomy":"product_brand","embeddable":true,"href":"https:\/\/www.multicasa.com.br\/cuiaba\/wp-json\/wp\/v2\/product_brand?post=7585"},{"taxonomy":"product_cat","embeddable":true,"href":"https:\/\/www.multicasa.com.br\/cuiaba\/wp-json\/wp\/v2\/product_cat?post=7585"},{"taxonomy":"product_tag","embeddable":true,"href":"https:\/\/www.multicasa.com.br\/cuiaba\/wp-json\/wp\/v2\/product_tag?post=7585"}],"curies":[{"name":"wp","href":"https:\/\/api.w.org\/{rel}","templated":true}]}}