{"id":7644,"date":"2025-06-20T17:24:30","date_gmt":"2025-06-20T21:24:30","guid":{"rendered":"http:\/\/www.multicasa.com.br\/cuiaba\/?post_type=product&#038;p=7644"},"modified":"2026-04-17T13:30:59","modified_gmt":"2026-04-17T17:30:59","slug":"suporte-fixo-para-mangueira-em-plastico-35m-tramontina","status":"publish","type":"product","link":"https:\/\/www.multicasa.com.br\/cuiaba\/produto\/suporte-fixo-para-mangueira-em-plastico-35m-tramontina\/","title":{"rendered":"Suporte Fixo para Mangueira em Pl\u00e1stico 35m Tramontina<br>SKU: 4019580"},"content":{"rendered":"<p>Suporte Fixo para Mangueira Tramontina, ideal para mangueiras de at\u00e9 35 m de comprimento e que lhe proporcionar\u00e1 mais conforto e praticidade nas tarefas do dia a dia. Produzido em pl\u00e1stico super resistente na cor verde. O suporte, al\u00e9m de guardar a mangueira do modo mais correto, ajuda na organiza\u00e7\u00e3o do espa\u00e7o. Depois de um dia cuidando do jardim, nada como deixar ele ainda mais organizado.<\/p>\n","protected":false},"excerpt":{"rendered":"<h4 style=\"margin: 0px;padding: 0px 0px 16px;font-family: Lato, sans-serif;font-weight: bold;line-height: 3rem;color: var(--dark-grey3);font-size: 22px;font-style: normal;letter-spacing: normal;text-align: start;text-indent: 0px;text-transform: none\">Informa\u00e7\u00f5es t\u00e9cnicas<\/h4>\n<p><span style=\"margin: 0px;padding: 0px;font-weight: 450;font-size: 14px;line-height: 21px;color: var(--dark-grey2);font-family: Lato, sans-serif;font-style: normal;letter-spacing: normal;text-align: start;text-indent: 0px;text-transform: none\">Produto: Suporte Fixo para Mangueira<br \/>\nMarca: Tramontina<br \/>\nMaterial: Pl\u00e1stico<br \/>\nCor: Verde<br \/>\nCaracter\u00edsticas: Instalado na parede<br \/>\nComporta mangueiras de at\u00e9 35m de comprimento<br \/>\nItens Inclusos: 1 Suporte Fixo para Mangueira<br \/>\nDimens\u00f5es do produto (A X L X P): 18 x 25 x 16cm<\/span><\/p>\n","protected":false},"featured_media":7726,"template":"","meta":{"_joinchat":[]},"product_brand":[],"product_cat":[76],"product_tag":[],"class_list":{"0":"post-7644","1":"product","2":"type-product","3":"status-publish","4":"has-post-thumbnail","6":"product_cat-jardinagem","8":"first","9":"instock","10":"shipping-taxable","11":"purchasable","12":"product-type-simple"},"_links":{"self":[{"href":"https:\/\/www.multicasa.com.br\/cuiaba\/wp-json\/wp\/v2\/product\/7644","targetHints":{"allow":["GET"]}}],"collection":[{"href":"https:\/\/www.multicasa.com.br\/cuiaba\/wp-json\/wp\/v2\/product"}],"about":[{"href":"https:\/\/www.multicasa.com.br\/cuiaba\/wp-json\/wp\/v2\/types\/product"}],"wp:featuredmedia":[{"embeddable":true,"href":"https:\/\/www.multicasa.com.br\/cuiaba\/wp-json\/wp\/v2\/media\/7726"}],"wp:attachment":[{"href":"https:\/\/www.multicasa.com.br\/cuiaba\/wp-json\/wp\/v2\/media?parent=7644"}],"wp:term":[{"taxonomy":"product_brand","embeddable":true,"href":"https:\/\/www.multicasa.com.br\/cuiaba\/wp-json\/wp\/v2\/product_brand?post=7644"},{"taxonomy":"product_cat","embeddable":true,"href":"https:\/\/www.multicasa.com.br\/cuiaba\/wp-json\/wp\/v2\/product_cat?post=7644"},{"taxonomy":"product_tag","embeddable":true,"href":"https:\/\/www.multicasa.com.br\/cuiaba\/wp-json\/wp\/v2\/product_tag?post=7644"}],"curies":[{"name":"wp","href":"https:\/\/api.w.org\/{rel}","templated":true}]}}