{"id":7646,"date":"2025-06-20T17:24:30","date_gmt":"2025-06-20T21:24:30","guid":{"rendered":"http:\/\/www.multicasa.com.br\/cuiaba\/?post_type=product&#038;p=7646"},"modified":"2026-04-20T15:51:04","modified_gmt":"2026-04-20T19:51:04","slug":"tinta-spray-alta-temperatura-preta-tekbond-350ml","status":"publish","type":"product","link":"https:\/\/www.multicasa.com.br\/cuiaba\/produto\/tinta-spray-alta-temperatura-preta-tekbond-350ml\/","title":{"rendered":"Tinta Spray Alta Temperatura Preta Tekbond 350ml<br>SKU: 2007142"},"content":{"rendered":"<p>Tinta Spray Alta Temperatura Preta Tekbond 350ml, desenvolvida com alta tecnologia, destinada especialmente a pinturas externas de objetos met\u00e1licos. Pode ser utilizada em escapamento de motos, churrasqueiras, fog\u00f5es, chamin\u00e9s e lareiras, pois resiste a temperaturas de at\u00e9 600\u00b0C. Possui secagem r\u00e1pida e \u00f3tima resist\u00eancia a intemp\u00e9ries e proporciona um excelente acabamento, poder de cobertura e efeito decorativo.<br \/>\nNa cor preto, tem bico aplicador anat\u00f4mico que facilita o uso e rendimento aproximadode 1,1 m\u00b2 a 1,3 m\u00b2 por embalagem. Antes de aplicar, remova restos de pintura velha, ferrugem, gordura e poeira, e para aplica\u00e7\u00f5es em metais com ou sem oxida\u00e7\u00e3o aplique o supercolor uso geral fundo primer antes, espere secar e lixe com lixa d\u00e1gua 400, para deixar a superf\u00edcie bem lisa.<br \/>\nAplique de 2 a 3 dem\u00e3os para obter uma pintura uniforme e bonita, entre cada dem\u00e3o de tinta, aguarde um intervalo de 4 a 9 minutos e para o toque aguarde um intervalo de 30 minutos.<br \/>\nMantenha em local coberto e ventilado (temperatura inferior a 50\u00b0 C).<br \/>\nTenha uma tinta com maior durabilidade comparada \u00e0s tintas comuns!<\/p>\n","protected":false},"excerpt":{"rendered":"<h4 style=\"margin: 0px;padding: 0px 0px 16px;font-family: Lato, sans-serif;font-weight: bold;line-height: 3rem;color: var(--dark-grey3);font-size: 22px;font-style: normal;letter-spacing: normal;text-align: start;text-indent: 0px;text-transform: none\">Informa\u00e7\u00f5es t\u00e9cnicas<\/h4>\n<p><span style=\"margin: 0px;padding: 0px;font-weight: 450;font-size: 14px;line-height: 21px;color: var(--dark-grey2);font-family: Lato, sans-serif;font-style: normal;letter-spacing: normal;text-align: start;text-indent: 0px;text-transform: none\">Produto: Tinta Spray<br \/>\nMarca: Tekbond<br \/>\nCor: Preto<br \/>\nConte\u00fado: 350ml<br \/>\nCaracter\u00edsticas: Rendimento de 1,1m\u00b2 a 1,3m\u00b2<br \/>\nUso externo<br \/>\nSuperf\u00edcies met\u00e1licas<br \/>\nSecagem r\u00e1pida<br \/>\nResiste temperaturas de at\u00e9 600\u00b0C<br \/>\nItens Inclusos: 1 Tinta Spray<br \/>\nDicas de uso e preserva\u00e7\u00e3o: Manter em local coberto e ventilado<br \/>\nN\u00e3o armazenar em locais com temperatura maior que 50\u00b0C<br \/>\n<\/span><\/p>\n","protected":false},"featured_media":7729,"template":"","meta":{"_joinchat":[]},"product_brand":[],"product_cat":[143],"product_tag":[],"class_list":{"0":"post-7646","1":"product","2":"type-product","3":"status-publish","4":"has-post-thumbnail","6":"product_cat-tintas-e-cia","8":"first","9":"instock","10":"shipping-taxable","11":"purchasable","12":"product-type-simple"},"_links":{"self":[{"href":"https:\/\/www.multicasa.com.br\/cuiaba\/wp-json\/wp\/v2\/product\/7646","targetHints":{"allow":["GET"]}}],"collection":[{"href":"https:\/\/www.multicasa.com.br\/cuiaba\/wp-json\/wp\/v2\/product"}],"about":[{"href":"https:\/\/www.multicasa.com.br\/cuiaba\/wp-json\/wp\/v2\/types\/product"}],"wp:featuredmedia":[{"embeddable":true,"href":"https:\/\/www.multicasa.com.br\/cuiaba\/wp-json\/wp\/v2\/media\/7729"}],"wp:attachment":[{"href":"https:\/\/www.multicasa.com.br\/cuiaba\/wp-json\/wp\/v2\/media?parent=7646"}],"wp:term":[{"taxonomy":"product_brand","embeddable":true,"href":"https:\/\/www.multicasa.com.br\/cuiaba\/wp-json\/wp\/v2\/product_brand?post=7646"},{"taxonomy":"product_cat","embeddable":true,"href":"https:\/\/www.multicasa.com.br\/cuiaba\/wp-json\/wp\/v2\/product_cat?post=7646"},{"taxonomy":"product_tag","embeddable":true,"href":"https:\/\/www.multicasa.com.br\/cuiaba\/wp-json\/wp\/v2\/product_tag?post=7646"}],"curies":[{"name":"wp","href":"https:\/\/api.w.org\/{rel}","templated":true}]}}