{"id":7677,"date":"2025-06-20T17:24:52","date_gmt":"2025-06-20T21:24:52","guid":{"rendered":"http:\/\/www.multicasa.com.br\/cuiaba\/?post_type=product&#038;p=7677"},"modified":"2026-04-13T16:30:13","modified_gmt":"2026-04-13T20:30:13","slug":"pilha-alcalina-pequena-aa-duralock-duracell-2-unidades","status":"publish","type":"product","link":"https:\/\/www.multicasa.com.br\/cuiaba\/produto\/pilha-alcalina-pequena-aa-duralock-duracell-2-unidades\/","title":{"rendered":"Pilha Alcalina Pequena AA Duralock Duracell 2 Unidades<br>SKU: 572713"},"content":{"rendered":"<p>A Pilha Palito Alcalina AA Duralock Duracell possui tecnologia duralock power preserve? que t\u00eam energia garantida durante 10 anos de armazenamento, oferece a seguran\u00e7a de saber que as pilhas guardadas em suas gavetas funcionar\u00e3o quando voc\u00ea mais precisar. Ideal para controle remoto, despertador, brinquedos, etc. A Pilha Duracell possui pot\u00eancia confi\u00e1vel e prolongada com a melhor performance e com design aperfei\u00e7oado que garante o melhor desempenho e vida \u00fatil, durando at\u00e9 10x mais.<br \/>\nCarleta com 2 unidades.<\/p>\n","protected":false},"excerpt":{"rendered":"<h4 style=\"margin: 0px;padding: 0px 0px 16px;font-family: Lato, sans-serif;font-weight: bold;line-height: 3rem;color: var(--dark-grey3);font-size: 22px;font-style: normal;letter-spacing: normal;text-align: start;text-indent: 0px;text-transform: none\">Informa\u00e7\u00f5es t\u00e9cnicas<\/h4>\n<p><span style=\"margin: 0px;padding: 0px;font-weight: 450;font-size: 14px;line-height: 21px;color: var(--dark-grey2);font-family: Lato, sans-serif;font-style: normal;letter-spacing: normal;text-align: start;text-indent: 0px;text-transform: none\">Produto: Pilha<br \/>\nTipo: Alcalina<br \/>\nMarca: Duracell<br \/>\nTamanho: AA<br \/>\nVoltagem: 1,5v<br \/>\nCaracter\u00edsticas: Dura at\u00e9 10x mais<br \/>\nTecnologia Duralock Power Preserve<br \/>\nItens inclusos: 2 pilhas<br \/>\n<\/span><\/p>\n","protected":false},"featured_media":7756,"template":"","meta":{"_joinchat":[]},"product_brand":[],"product_cat":[151],"product_tag":[],"class_list":{"0":"post-7677","1":"product","2":"type-product","3":"status-publish","4":"has-post-thumbnail","6":"product_cat-pilhas","8":"first","9":"instock","10":"shipping-taxable","11":"purchasable","12":"product-type-simple"},"_links":{"self":[{"href":"https:\/\/www.multicasa.com.br\/cuiaba\/wp-json\/wp\/v2\/product\/7677","targetHints":{"allow":["GET"]}}],"collection":[{"href":"https:\/\/www.multicasa.com.br\/cuiaba\/wp-json\/wp\/v2\/product"}],"about":[{"href":"https:\/\/www.multicasa.com.br\/cuiaba\/wp-json\/wp\/v2\/types\/product"}],"wp:featuredmedia":[{"embeddable":true,"href":"https:\/\/www.multicasa.com.br\/cuiaba\/wp-json\/wp\/v2\/media\/7756"}],"wp:attachment":[{"href":"https:\/\/www.multicasa.com.br\/cuiaba\/wp-json\/wp\/v2\/media?parent=7677"}],"wp:term":[{"taxonomy":"product_brand","embeddable":true,"href":"https:\/\/www.multicasa.com.br\/cuiaba\/wp-json\/wp\/v2\/product_brand?post=7677"},{"taxonomy":"product_cat","embeddable":true,"href":"https:\/\/www.multicasa.com.br\/cuiaba\/wp-json\/wp\/v2\/product_cat?post=7677"},{"taxonomy":"product_tag","embeddable":true,"href":"https:\/\/www.multicasa.com.br\/cuiaba\/wp-json\/wp\/v2\/product_tag?post=7677"}],"curies":[{"name":"wp","href":"https:\/\/api.w.org\/{rel}","templated":true}]}}