{"id":7718,"date":"2025-06-20T17:25:17","date_gmt":"2025-06-20T21:25:17","guid":{"rendered":"http:\/\/www.multicasa.com.br\/cuiaba\/?post_type=product&#038;p=7718"},"modified":"2026-04-20T13:20:55","modified_gmt":"2026-04-20T17:20:55","slug":"suporte-triangulo-pequeno-para-quadro-bemfixa-4-unidades","status":"publish","type":"product","link":"https:\/\/www.multicasa.com.br\/cuiaba\/produto\/suporte-triangulo-pequeno-para-quadro-bemfixa-4-unidades\/","title":{"rendered":"Suporte Tri\u00e2ngulo Pequeno para Quadro Bemfixa 4 Unidades<br>SKU: 727415"},"content":{"rendered":"<p>O Suporte em Tri\u00e2ngulo Pequeno Bemfixa \u00e9 ideal para voc\u00ea pendurar seus quadros favoritos. Confeccionado em metal, tem capacidade de peso de at\u00e9 2kg.<br \/>\nEmbalagem com 4 unidades, acompanha pregos.<\/p>\n","protected":false},"excerpt":{"rendered":"<h4 style=\"margin: 0px;padding: 0px 0px 16px;font-family: Lato, sans-serif;font-weight: bold;line-height: 3rem;color: var(--dark-grey3);font-size: 22px;font-style: normal;letter-spacing: normal;text-align: start;text-indent: 0px;text-transform: none\">Informa\u00e7\u00f5es t\u00e9cnicas<\/h4>\n<p><span style=\"margin: 0px;padding: 0px;font-weight: 450;font-size: 14px;line-height: 21px;color: var(--dark-grey2);font-family: Lato, sans-serif;font-style: normal;letter-spacing: normal;text-align: start;text-indent: 0px;text-transform: none\">Produto: Suporte Tri\u00e2ngulo<br \/>\nMarca: Bemfixa<br \/>\nMaterial: Metal<br \/>\nCor: Dourado<br \/>\nCaracter\u00edsticas: Suporta at\u00e9 2kg<br \/>\nTamanho Pequeno<br \/>\nItens inclusos: 4 Suportes<br \/>\nPregos<br \/>\nDimens\u00f5es do produto (A X L): 1 x 1cm<\/span><\/p>\n","protected":false},"featured_media":7778,"template":"","meta":{"_joinchat":[]},"product_brand":[],"product_cat":[141],"product_tag":[],"class_list":{"0":"post-7718","1":"product","2":"type-product","3":"status-publish","4":"has-post-thumbnail","6":"product_cat-marcenaria","8":"first","9":"outofstock","10":"shipping-taxable","11":"purchasable","12":"product-type-simple"},"_links":{"self":[{"href":"https:\/\/www.multicasa.com.br\/cuiaba\/wp-json\/wp\/v2\/product\/7718","targetHints":{"allow":["GET"]}}],"collection":[{"href":"https:\/\/www.multicasa.com.br\/cuiaba\/wp-json\/wp\/v2\/product"}],"about":[{"href":"https:\/\/www.multicasa.com.br\/cuiaba\/wp-json\/wp\/v2\/types\/product"}],"wp:featuredmedia":[{"embeddable":true,"href":"https:\/\/www.multicasa.com.br\/cuiaba\/wp-json\/wp\/v2\/media\/7778"}],"wp:attachment":[{"href":"https:\/\/www.multicasa.com.br\/cuiaba\/wp-json\/wp\/v2\/media?parent=7718"}],"wp:term":[{"taxonomy":"product_brand","embeddable":true,"href":"https:\/\/www.multicasa.com.br\/cuiaba\/wp-json\/wp\/v2\/product_brand?post=7718"},{"taxonomy":"product_cat","embeddable":true,"href":"https:\/\/www.multicasa.com.br\/cuiaba\/wp-json\/wp\/v2\/product_cat?post=7718"},{"taxonomy":"product_tag","embeddable":true,"href":"https:\/\/www.multicasa.com.br\/cuiaba\/wp-json\/wp\/v2\/product_tag?post=7718"}],"curies":[{"name":"wp","href":"https:\/\/api.w.org\/{rel}","templated":true}]}}