{"id":7743,"date":"2025-06-20T17:25:37","date_gmt":"2025-06-20T21:25:37","guid":{"rendered":"http:\/\/www.multicasa.com.br\/cuiaba\/?post_type=product&#038;p=7743"},"modified":"2026-04-22T14:30:12","modified_gmt":"2026-04-22T18:30:12","slug":"tesoura-escolar-sem-ponta-tramontina","status":"publish","type":"product","link":"https:\/\/www.multicasa.com.br\/cuiaba\/produto\/tesoura-escolar-sem-ponta-tramontina\/","title":{"rendered":"Tesoura Escolar sem Ponta Tramontina<br>SKU: 756512"},"content":{"rendered":"<p>Hora de fazer as atividades da escola ou mexer nos pap\u00e9is em casa? Use a tesoura escolar da Tramontina para um uso mais seguro. A tesoura sem ponta tem corte eficiente e de fio dur\u00e1vel, al\u00e9m de ter cabo anat\u00f4mico feito de pl\u00e1stico que garante conforto na hora do manuseio. Ideal para ter em gavetas do escrit\u00f3rio e estojos.<\/p>\n","protected":false},"excerpt":{"rendered":"<h4 style=\"margin: 0px;padding: 0px 0px 16px;font-family: Lato, sans-serif;font-weight: bold;line-height: 3rem;color: var(--dark-grey3);font-size: 22px;font-style: normal;letter-spacing: normal;text-align: start;text-indent: 0px;text-transform: none\">Informa\u00e7\u00f5es t\u00e9cnicas<\/h4>\n<p><span style=\"margin: 0px;padding: 0px;font-weight: 450;font-size: 14px;line-height: 21px;color: var(--dark-grey2);font-family: Lato, sans-serif;font-style: normal;letter-spacing: normal;text-align: start;text-indent: 0px;text-transform: none\">Produto: Tesoura<br \/>\nTipo: Sem ponta<br \/>\nMarca: Tramontina<br \/>\nMaterial: A\u00e7o<br \/>\nCor: Sortido<br \/>\nCaracter\u00edsticas: Tratamento t\u00e9rmico<br \/>\nItens Inclusos: 1 tesoura<br \/>\nDimens\u00f5es do produto (A X L): 15 x 8cm<\/span><\/p>\n","protected":false},"featured_media":7797,"template":"","meta":{"_joinchat":[]},"product_brand":[],"product_cat":[97],"product_tag":[],"class_list":{"0":"post-7743","1":"product","2":"type-product","3":"status-publish","4":"has-post-thumbnail","6":"product_cat-papelaria","8":"first","9":"instock","10":"shipping-taxable","11":"purchasable","12":"product-type-simple"},"_links":{"self":[{"href":"https:\/\/www.multicasa.com.br\/cuiaba\/wp-json\/wp\/v2\/product\/7743","targetHints":{"allow":["GET"]}}],"collection":[{"href":"https:\/\/www.multicasa.com.br\/cuiaba\/wp-json\/wp\/v2\/product"}],"about":[{"href":"https:\/\/www.multicasa.com.br\/cuiaba\/wp-json\/wp\/v2\/types\/product"}],"wp:featuredmedia":[{"embeddable":true,"href":"https:\/\/www.multicasa.com.br\/cuiaba\/wp-json\/wp\/v2\/media\/7797"}],"wp:attachment":[{"href":"https:\/\/www.multicasa.com.br\/cuiaba\/wp-json\/wp\/v2\/media?parent=7743"}],"wp:term":[{"taxonomy":"product_brand","embeddable":true,"href":"https:\/\/www.multicasa.com.br\/cuiaba\/wp-json\/wp\/v2\/product_brand?post=7743"},{"taxonomy":"product_cat","embeddable":true,"href":"https:\/\/www.multicasa.com.br\/cuiaba\/wp-json\/wp\/v2\/product_cat?post=7743"},{"taxonomy":"product_tag","embeddable":true,"href":"https:\/\/www.multicasa.com.br\/cuiaba\/wp-json\/wp\/v2\/product_tag?post=7743"}],"curies":[{"name":"wp","href":"https:\/\/api.w.org\/{rel}","templated":true}]}}