{"id":7744,"date":"2025-06-20T17:25:38","date_gmt":"2025-06-20T21:25:38","guid":{"rendered":"http:\/\/www.multicasa.com.br\/cuiaba\/?post_type=product&#038;p=7744"},"modified":"2026-04-16T17:21:12","modified_gmt":"2026-04-16T21:21:12","slug":"tesoura-uso-geral-extracort-7-tramontina","status":"publish","type":"product","link":"https:\/\/www.multicasa.com.br\/cuiaba\/produto\/tesoura-uso-geral-extracort-7-tramontina\/","title":{"rendered":"Tesoura Uso Geral Extracort 7&#8243; Tramontina<br>SKU: 758515"},"content":{"rendered":"<p>A tesoura de uso geral Extracort 7&#8243; da Tramontina \u00e9 ideal para ser utilizada em diversas atividades de casa ou do trabalho. Sua l\u00e2mina sem ponta tem maior durabilidade porque recebe tratamento t\u00e9rmico, \u00e9 mais resistente e pode ser lavada na m\u00e1quina de lavar-lou\u00e7as. Feita de a\u00e7o e pl\u00e1stico, \u00e9 indicada para ter na gaveta do escrit\u00f3rio ou na cozinha para ajudar na abertura de embalagens, por exemplo. Mede 19,5 x 7,6 cm.<\/p>\n","protected":false},"excerpt":{"rendered":"<h4 style=\"margin: 0px;padding: 0px 0px 16px;font-family: Lato, sans-serif;font-weight: bold;line-height: 3rem;color: var(--dark-grey3);font-size: 22px;font-style: normal;letter-spacing: normal;text-align: start;text-indent: 0px;text-transform: none\">Informa\u00e7\u00f5es t\u00e9cnicas<\/h4>\n<p><span style=\"margin: 0px;padding: 0px;font-weight: 450;font-size: 14px;line-height: 21px;color: var(--dark-grey2);font-family: Lato, sans-serif;font-style: normal;letter-spacing: normal;text-align: start;text-indent: 0px;text-transform: none\">Produto: Tesoura<br \/>\nMarca: Tramontina<br \/>\nMaterial: Cabo em Polipropileno<br \/>\nL\u00e2mina A\u00e7o Inox<br \/>\nCor: Sortido<br \/>\nCaracter\u00edsticas: Tratamento t\u00e9rmico<br \/>\nItens Inclusos: 1 tesoura<br \/>\nDimens\u00f5es do produto (A X L): 19,5 x 7,6cm<br \/>\n<\/span><\/p>\n","protected":false},"featured_media":7803,"template":"","meta":{"_joinchat":[]},"product_brand":[],"product_cat":[97],"product_tag":[],"class_list":{"0":"post-7744","1":"product","2":"type-product","3":"status-publish","4":"has-post-thumbnail","6":"product_cat-papelaria","8":"first","9":"instock","10":"shipping-taxable","11":"purchasable","12":"product-type-simple"},"_links":{"self":[{"href":"https:\/\/www.multicasa.com.br\/cuiaba\/wp-json\/wp\/v2\/product\/7744","targetHints":{"allow":["GET"]}}],"collection":[{"href":"https:\/\/www.multicasa.com.br\/cuiaba\/wp-json\/wp\/v2\/product"}],"about":[{"href":"https:\/\/www.multicasa.com.br\/cuiaba\/wp-json\/wp\/v2\/types\/product"}],"wp:featuredmedia":[{"embeddable":true,"href":"https:\/\/www.multicasa.com.br\/cuiaba\/wp-json\/wp\/v2\/media\/7803"}],"wp:attachment":[{"href":"https:\/\/www.multicasa.com.br\/cuiaba\/wp-json\/wp\/v2\/media?parent=7744"}],"wp:term":[{"taxonomy":"product_brand","embeddable":true,"href":"https:\/\/www.multicasa.com.br\/cuiaba\/wp-json\/wp\/v2\/product_brand?post=7744"},{"taxonomy":"product_cat","embeddable":true,"href":"https:\/\/www.multicasa.com.br\/cuiaba\/wp-json\/wp\/v2\/product_cat?post=7744"},{"taxonomy":"product_tag","embeddable":true,"href":"https:\/\/www.multicasa.com.br\/cuiaba\/wp-json\/wp\/v2\/product_tag?post=7744"}],"curies":[{"name":"wp","href":"https:\/\/api.w.org\/{rel}","templated":true}]}}