{"id":7745,"date":"2025-06-20T17:25:38","date_gmt":"2025-06-20T21:25:38","guid":{"rendered":"http:\/\/www.multicasa.com.br\/cuiaba\/?post_type=product&#038;p=7745"},"modified":"2026-04-17T13:20:48","modified_gmt":"2026-04-17T17:20:48","slug":"tesoura-de-poda-em-aco-18cm-tramontina","status":"publish","type":"product","link":"https:\/\/www.multicasa.com.br\/cuiaba\/produto\/tesoura-de-poda-em-aco-18cm-tramontina\/","title":{"rendered":"Tesoura de Poda em A\u00e7o 18cm Tramontina<br>SKU: 759813"},"content":{"rendered":"<p>A Tesoura de Poda Tramontina tem as l\u00e2minas produzidas em a\u00e7o temperado para um corte preciso e macio e o cabo de pl\u00e1stico na cor laranja, possuindo trava de seguran\u00e7a com acionamento em um \u00fanico bot\u00e3o. A tesoura \u00e9 pr\u00f3pria para poda de flores, frutas e plantas ornamentais, com di\u00e2metro de corte m\u00e1ximo de 17 mm para galhos verdes e 10 mm para galhos secos.<\/p>\n","protected":false},"excerpt":{"rendered":"<h4 style=\"margin: 0px;padding: 0px 0px 16px;font-family: Lato, sans-serif;font-weight: bold;line-height: 3rem;color: var(--dark-grey3);font-size: 22px;font-style: normal;letter-spacing: normal;text-align: start;text-indent: 0px;text-transform: none\">Informa\u00e7\u00f5es t\u00e9cnicas<\/h4>\n<p><span style=\"margin: 0px;padding: 0px;font-weight: 450;font-size: 14px;line-height: 21px;color: var(--dark-grey2);font-family: Lato, sans-serif;font-style: normal;letter-spacing: normal;text-align: start;text-indent: 0px;text-transform: none\">Produto: Tesoura de Poda<br \/>\nMarca: Tramontina<br \/>\nMaterial: A\u00e7o carbono temperado<br \/>\nCor: Prata e laranja<br \/>\nCaracter\u00edsticas: Cabo anat\u00f4mico<br \/>\nErgon\u00f4mico<br \/>\nTrava de seguran\u00e7a<br \/>\nAcionamento em um \u00fanico bot\u00e3o<br \/>\nDi\u00e2metro de corte m\u00e1ximo admitido em galhos verde de 17mm<br \/>\nDi\u00e2metro de corte m\u00e1ximo admitido em galhos secos de 10mm<br \/>\nItens Inclusos: 1 Tesoura de Poda<br \/>\nDimens\u00f5es do produto (A X L): 22 x 4cm<br \/>\n<\/span><\/p>\n","protected":false},"featured_media":7807,"template":"","meta":{"_joinchat":[]},"product_brand":[],"product_cat":[76],"product_tag":[],"class_list":{"0":"post-7745","1":"product","2":"type-product","3":"status-publish","4":"has-post-thumbnail","6":"product_cat-jardinagem","8":"first","9":"instock","10":"shipping-taxable","11":"purchasable","12":"product-type-simple"},"_links":{"self":[{"href":"https:\/\/www.multicasa.com.br\/cuiaba\/wp-json\/wp\/v2\/product\/7745","targetHints":{"allow":["GET"]}}],"collection":[{"href":"https:\/\/www.multicasa.com.br\/cuiaba\/wp-json\/wp\/v2\/product"}],"about":[{"href":"https:\/\/www.multicasa.com.br\/cuiaba\/wp-json\/wp\/v2\/types\/product"}],"wp:featuredmedia":[{"embeddable":true,"href":"https:\/\/www.multicasa.com.br\/cuiaba\/wp-json\/wp\/v2\/media\/7807"}],"wp:attachment":[{"href":"https:\/\/www.multicasa.com.br\/cuiaba\/wp-json\/wp\/v2\/media?parent=7745"}],"wp:term":[{"taxonomy":"product_brand","embeddable":true,"href":"https:\/\/www.multicasa.com.br\/cuiaba\/wp-json\/wp\/v2\/product_brand?post=7745"},{"taxonomy":"product_cat","embeddable":true,"href":"https:\/\/www.multicasa.com.br\/cuiaba\/wp-json\/wp\/v2\/product_cat?post=7745"},{"taxonomy":"product_tag","embeddable":true,"href":"https:\/\/www.multicasa.com.br\/cuiaba\/wp-json\/wp\/v2\/product_tag?post=7745"}],"curies":[{"name":"wp","href":"https:\/\/api.w.org\/{rel}","templated":true}]}}