{"id":7825,"date":"2025-06-20T17:26:25","date_gmt":"2025-06-20T21:26:25","guid":{"rendered":"http:\/\/www.multicasa.com.br\/cuiaba\/?post_type=product&#038;p=7825"},"modified":"2026-04-07T11:53:55","modified_gmt":"2026-04-07T15:53:55","slug":"telefone-sem-fio-com-identificador-de-chamadas-ts-2510-preto-intelbras","status":"publish","type":"product","link":"https:\/\/www.multicasa.com.br\/cuiaba\/produto\/telefone-sem-fio-com-identificador-de-chamadas-ts-2510-preto-intelbras\/","title":{"rendered":"Telefone sem Fio com Identificador de Chamadas TS 2510 Preto Intelbras<br>SKU: 2110108"},"content":{"rendered":"<p>O Telefone sem Fio com Identificador de Chamadas TS 2510 Preto Intelbras \u00e9 ideal para escrit\u00f3rios porque possui tecnologia DECT 6.0 que proporciona um \u00e1udio limpo e livre de interfer\u00eancias. Auxilia na redu\u00e7\u00e3o de custos e permite comprar at\u00e9 7 ramais ou apenas aqueles necess\u00e1rios, al\u00e9m de oferecer acesso r\u00e1pido \u00e0s liga\u00e7\u00f5es n\u00e3o atendidas e chamadas efetuadas que ficam armazenadas no telefone com data e hor\u00e1rio da liga\u00e7\u00e3o. Com o display luminoso, voc\u00ea consegue visualizar todas as fun\u00e7\u00f5es do aparelho mesmo com pouca claridade no ambiente. O telefone Ramal vem com uma capacidade para 7 ramais (base + 6 ramais), identificador de chamadas DTMF\/FKS que oferece liberdade para voc\u00ea atender apenas liga\u00e7\u00f5es que desejar e \u00e9 munido tamb\u00e9m fun\u00e7\u00e3o &#8220;&#8221;Eco Mode&#8221;&#8221; que oferece um consumo mais inteligente de energia. Para isso, \u00e9 recomend\u00e1vel que o fone e a base n\u00e3o fiquem muito distantes, proporcionando maior economia. Tem a possibilidade para 70 contatos na agenda compartilhados com os ramais, 10 tipos de toque e 7 n\u00edveis de volumes, bloqueio de chamadas originadas e a cobrar, comunica\u00e7\u00e3o interna e registro autom\u00e1tico e ramais.<\/p>\n","protected":false},"excerpt":{"rendered":"<h4 style=\"margin: 0px;padding: 0px 0px 16px;font-family: Lato, sans-serif;font-weight: bold;line-height: 3rem;color: var(--dark-grey3);font-size: 22px;font-style: normal;letter-spacing: normal;text-align: start;text-indent: 0px;text-transform: none\">Informa\u00e7\u00f5es t\u00e9cnicas<\/h4>\n<p><span style=\"margin: 0px;padding: 0px;font-weight: 450;font-size: 14px;line-height: 21px;color: var(--dark-grey2);font-family: Lato, sans-serif;font-style: normal;letter-spacing: normal;text-align: start;text-indent: 0px;text-transform: none\">Produto: Telefone sem Fio<br \/>\nMarca: Intelbras<br \/>\nModelo: TS 2510<br \/>\nCor: Preto<br \/>\nCaracter\u00edsticas: Agenda compartilhada para 70 contatos; Registro autom\u00e1tico de ramais; Mais praticidade com as funcionalidades de data, hora e alarme; Identifica\u00e7\u00e3o de chamadas; Display luminoso; Capacidade para 7 ramais<br \/>\nItens inclusos: 1 Base; 1 Bateria recarreg\u00e1vel; 1 Adaptador de tens\u00e3o bivolt; 1 Cabo de linha telef\u00f4nica e 1 Manual do usu\u00e1rio<br \/>\nDimens\u00f5es do produto (A X L X P): 15 x 4,5 x 8,5cm<br \/>\nPeso do produto: 0,243g<\/span><\/p>\n","protected":false},"featured_media":7918,"template":"","meta":{"_joinchat":[]},"product_brand":[],"product_cat":[138],"product_tag":[],"class_list":{"0":"post-7825","1":"product","2":"type-product","3":"status-publish","4":"has-post-thumbnail","6":"product_cat-telefones-e-cia","8":"first","9":"instock","10":"shipping-taxable","11":"purchasable","12":"product-type-simple"},"_links":{"self":[{"href":"https:\/\/www.multicasa.com.br\/cuiaba\/wp-json\/wp\/v2\/product\/7825","targetHints":{"allow":["GET"]}}],"collection":[{"href":"https:\/\/www.multicasa.com.br\/cuiaba\/wp-json\/wp\/v2\/product"}],"about":[{"href":"https:\/\/www.multicasa.com.br\/cuiaba\/wp-json\/wp\/v2\/types\/product"}],"wp:featuredmedia":[{"embeddable":true,"href":"https:\/\/www.multicasa.com.br\/cuiaba\/wp-json\/wp\/v2\/media\/7918"}],"wp:attachment":[{"href":"https:\/\/www.multicasa.com.br\/cuiaba\/wp-json\/wp\/v2\/media?parent=7825"}],"wp:term":[{"taxonomy":"product_brand","embeddable":true,"href":"https:\/\/www.multicasa.com.br\/cuiaba\/wp-json\/wp\/v2\/product_brand?post=7825"},{"taxonomy":"product_cat","embeddable":true,"href":"https:\/\/www.multicasa.com.br\/cuiaba\/wp-json\/wp\/v2\/product_cat?post=7825"},{"taxonomy":"product_tag","embeddable":true,"href":"https:\/\/www.multicasa.com.br\/cuiaba\/wp-json\/wp\/v2\/product_tag?post=7825"}],"curies":[{"name":"wp","href":"https:\/\/api.w.org\/{rel}","templated":true}]}}