{"id":7868,"date":"2025-06-20T17:26:56","date_gmt":"2025-06-20T21:26:56","guid":{"rendered":"http:\/\/www.multicasa.com.br\/cuiaba\/?post_type=product&#038;p=7868"},"modified":"2026-04-22T09:20:22","modified_gmt":"2026-04-22T13:20:22","slug":"telefone-com-fio-gondola-tc-20-preto-intelbras","status":"publish","type":"product","link":"https:\/\/www.multicasa.com.br\/cuiaba\/produto\/telefone-com-fio-gondola-tc-20-preto-intelbras\/","title":{"rendered":"Telefone com Fio Gond\u00f4la TC 20 Preto Intelbras<br>SKU: 3137376"},"content":{"rendered":"<p>Um aparelho para quem precisa de praticidade e agilidade, o Telefone com Fio Gond\u00f4la TC20 Preto da Intelbras possui todas as fun\u00e7\u00f5es no pr\u00f3prio fone e um cabo de longo alcance, o que facilita a mobilidade na hora do atendimento. Esse modelo gond\u00f4la \u00e9 super compacto e pode ser instalado na parede da sua casa ou escrit\u00f3rio. Seu teclado luminoso facilita a discagem at\u00e9 mesmo em ambientes com pouca luz, al\u00e9m de possuir acionador eficiente no fone: uma tecla liga e desliga. Se estiver em uma chamada e precisar se ocupar rapidamente por algum motivo, uma das facilidades quando o aparelho est\u00e1 fixado na parede, \u00e9 a possibilidade de deixar a liga\u00e7\u00e3o em espera. Seu telefone com Fio Intelbras possui um descanso para o fone, que fica acima do gancho para garantir mais conforto durante sua utiliza\u00e7\u00e3o.<\/p>\n","protected":false},"excerpt":{"rendered":"<h4 style=\"margin: 0px;padding: 0px 0px 16px;font-family: Lato, sans-serif;font-weight: bold;line-height: 3rem;color: var(--dark-grey3);font-size: 22px;font-style: normal;letter-spacing: normal;text-align: start;text-indent: 0px;text-transform: none\">Informa\u00e7\u00f5es t\u00e9cnicas<\/h4>\n<p><span style=\"margin: 0px;padding: 0px;font-weight: 450;font-size: 14px;line-height: 21px;color: var(--dark-grey2);font-family: Lato, sans-serif;font-style: normal;letter-spacing: normal;text-align: start;text-indent: 0px;text-transform: none\">Produto: Telefone com Fio Gond\u00f4la<br \/>\nMarca: Intelbras<br \/>\nModelo: TC 20<br \/>\nCor: Preto<br \/>\nCaracter\u00edsticas: Pode ser fixado na parede; Cabo de longo alcance; Teclado Luminoso; Descanso do Fone &#8211; (Quando fixado na parede); Acionador no Fone &#8211; Com tecla liga\/desliga.<br \/>\nItens inclusos: 1 Telefone com Fio<br \/>\nDimens\u00f5es do produto (A X L X P): 6,40 x 23,50 x 10cm                                                                                             Garantia: 1 ano<\/span><\/p>\n","protected":false},"featured_media":26079,"template":"","meta":{"_joinchat":[]},"product_brand":[],"product_cat":[138],"product_tag":[],"class_list":{"0":"post-7868","1":"product","2":"type-product","3":"status-publish","4":"has-post-thumbnail","6":"product_cat-telefones-e-cia","8":"first","9":"instock","10":"shipping-taxable","11":"purchasable","12":"product-type-simple"},"_links":{"self":[{"href":"https:\/\/www.multicasa.com.br\/cuiaba\/wp-json\/wp\/v2\/product\/7868","targetHints":{"allow":["GET"]}}],"collection":[{"href":"https:\/\/www.multicasa.com.br\/cuiaba\/wp-json\/wp\/v2\/product"}],"about":[{"href":"https:\/\/www.multicasa.com.br\/cuiaba\/wp-json\/wp\/v2\/types\/product"}],"wp:featuredmedia":[{"embeddable":true,"href":"https:\/\/www.multicasa.com.br\/cuiaba\/wp-json\/wp\/v2\/media\/26079"}],"wp:attachment":[{"href":"https:\/\/www.multicasa.com.br\/cuiaba\/wp-json\/wp\/v2\/media?parent=7868"}],"wp:term":[{"taxonomy":"product_brand","embeddable":true,"href":"https:\/\/www.multicasa.com.br\/cuiaba\/wp-json\/wp\/v2\/product_brand?post=7868"},{"taxonomy":"product_cat","embeddable":true,"href":"https:\/\/www.multicasa.com.br\/cuiaba\/wp-json\/wp\/v2\/product_cat?post=7868"},{"taxonomy":"product_tag","embeddable":true,"href":"https:\/\/www.multicasa.com.br\/cuiaba\/wp-json\/wp\/v2\/product_tag?post=7868"}],"curies":[{"name":"wp","href":"https:\/\/api.w.org\/{rel}","templated":true}]}}