{"id":7869,"date":"2025-06-20T17:26:56","date_gmt":"2025-06-20T21:26:56","guid":{"rendered":"http:\/\/www.multicasa.com.br\/cuiaba\/?post_type=product&#038;p=7869"},"modified":"2026-03-13T10:31:06","modified_gmt":"2026-03-13T14:31:06","slug":"telefone-com-fio-pleno-cinza-intelbras","status":"publish","type":"product","link":"https:\/\/www.multicasa.com.br\/cuiaba\/produto\/telefone-com-fio-pleno-cinza-intelbras\/","title":{"rendered":"Telefone com Fio Pleno Cinza Intelbras<br>SKU: 4698525"},"content":{"rendered":"<p>O Telefone com Fio Pleno da Intelbras \u00e9 resistente, pr\u00e1tico e tem um design moderno, podendo ser instalado em mesas ou paredes te dando liberdade para escolher onde coloc\u00e1-lo. Quando fixado na parede, viabiliza a fun\u00e7\u00e3o de espera acionada pelo ato de coloc\u00e1-lo no descanso logo acima do gancho. O telefone Pleno tem 2 tipos de toques, 3 n\u00edveis de campainha, 2 tipos de timbre, fun\u00e7\u00f5es de flash, rediscar e mudo. Uma produ\u00e7\u00e3o brasileira que oferece satisfa\u00e7\u00e3o e modernismo dispon\u00edvel na cor cinza. N\u00e3o acompanha chave de bloqueio.<\/p>\n","protected":false},"excerpt":{"rendered":"<h4 style=\"margin: 0px;padding: 0px 0px 16px;font-family: Lato, sans-serif;font-weight: bold;line-height: 3rem;color: var(--dark-grey3);font-size: 22px;font-style: normal;letter-spacing: normal;text-align: start;text-indent: 0px;text-transform: none\">Informa\u00e7\u00f5es t\u00e9cnicas<\/h4>\n<p><span style=\"margin: 0px;padding: 0px;font-weight: 450;font-size: 14px;line-height: 21px;color: var(--dark-grey2);font-family: Lato, sans-serif;font-style: normal;letter-spacing: normal;text-align: start;text-indent: 0px;text-transform: none\">Produto: Telefone com Fio<br \/>\nMarca: Intelbras<br \/>\nModelo: Pleno<br \/>\nCor: Cinza<br \/>\nCaracter\u00edsticas: Fun\u00e7\u00f5es flash, rediscar e mudo; 2 tipos de timbre; 3 n\u00edveis de volume de campainha<br \/>\nItens inclusos: 1 Telefone com fio, 1 Cabo de linha telef\u00f4nica, 1 Cabo espiralado<br \/>\nDimens\u00f5es do produto (A X L X P): 8,2 x 13,5 x 18cm<br \/>\nPeso do produto: 0,375g<\/span><\/p>\n","protected":false},"featured_media":7935,"template":"","meta":{"_joinchat":[]},"product_brand":[],"product_cat":[138],"product_tag":[],"class_list":{"0":"post-7869","1":"product","2":"type-product","3":"status-publish","4":"has-post-thumbnail","6":"product_cat-telefones-e-cia","8":"first","9":"instock","10":"shipping-taxable","11":"purchasable","12":"product-type-simple"},"_links":{"self":[{"href":"https:\/\/www.multicasa.com.br\/cuiaba\/wp-json\/wp\/v2\/product\/7869","targetHints":{"allow":["GET"]}}],"collection":[{"href":"https:\/\/www.multicasa.com.br\/cuiaba\/wp-json\/wp\/v2\/product"}],"about":[{"href":"https:\/\/www.multicasa.com.br\/cuiaba\/wp-json\/wp\/v2\/types\/product"}],"wp:featuredmedia":[{"embeddable":true,"href":"https:\/\/www.multicasa.com.br\/cuiaba\/wp-json\/wp\/v2\/media\/7935"}],"wp:attachment":[{"href":"https:\/\/www.multicasa.com.br\/cuiaba\/wp-json\/wp\/v2\/media?parent=7869"}],"wp:term":[{"taxonomy":"product_brand","embeddable":true,"href":"https:\/\/www.multicasa.com.br\/cuiaba\/wp-json\/wp\/v2\/product_brand?post=7869"},{"taxonomy":"product_cat","embeddable":true,"href":"https:\/\/www.multicasa.com.br\/cuiaba\/wp-json\/wp\/v2\/product_cat?post=7869"},{"taxonomy":"product_tag","embeddable":true,"href":"https:\/\/www.multicasa.com.br\/cuiaba\/wp-json\/wp\/v2\/product_tag?post=7869"}],"curies":[{"name":"wp","href":"https:\/\/api.w.org\/{rel}","templated":true}]}}