{"id":7905,"date":"2025-06-20T17:27:19","date_gmt":"2025-06-20T21:27:19","guid":{"rendered":"http:\/\/www.multicasa.com.br\/cuiaba\/?post_type=product&#038;p=7905"},"modified":"2026-04-11T08:20:18","modified_gmt":"2026-04-11T12:20:18","slug":"alicate-tramontina-universal-isolado-1000v-8","status":"publish","type":"product","link":"https:\/\/www.multicasa.com.br\/cuiaba\/produto\/alicate-tramontina-universal-isolado-1000v-8\/","title":{"rendered":"Alicate Tramontina Universal Isolado 1000v 8?<br>SKU: 4018290"},"content":{"rendered":"<p>O Alicate Tramontina Universal Isolado \u00e9 a op\u00e7\u00e3o perfeita para quem precisa de um alicate vers\u00e1til e resistente. Com 8 polegadas e produzido em a\u00e7o carbono especial temperado, possui cabo de pl\u00e1stico ergon\u00f4mico amarelo que evita que os dedos escorreguem da ferramenta. O cabo tamb\u00e9m oferece prote\u00e7\u00e3o contra correntes el\u00e9tricas de at\u00e9 1.000V em corrente alternada. Desenvolvido para cortar, apertar e dobrar cabos e metais, vai ser o auxiliar perfeito para suas tarefas. O a\u00e7o temperado \u00e9 capaz de suportar alta tens\u00e3o e for\u00e7a, sendo que maquin\u00e1rios pesados se utilizam desse tipo de metal mais resistente na sua confec\u00e7\u00e3o. Possui firmeza contra desgastes causados por abras\u00e3o, al\u00e9m de suportar grandes sobrecargas, vantagens dificilmente encontradas em outros a\u00e7os. Produzido e testado conforme normas NBR 9699 e NR10.<\/p>\n","protected":false},"excerpt":{"rendered":"<h4 style=\"margin: 0px;padding: 0px 0px 16px;font-family: Lato, sans-serif;font-weight: bold;line-height: 3rem;color: var(--dark-grey3);font-size: 22px;font-style: normal;letter-spacing: normal;text-align: start;text-indent: 0px;text-transform: none\">Informa\u00e7\u00f5es t\u00e9cnicas<\/h4>\n<p><span style=\"margin: 0px;padding: 0px;font-weight: 450;font-size: 14px;line-height: 21px;color: var(--dark-grey2);font-family: Lato, sans-serif;font-style: normal;letter-spacing: normal;text-align: start;text-indent: 0px;text-transform: none\">Produto: Alicate<br \/>\nTipo: Universal<br \/>\nMarca: Tramontina<br \/>\nMaterial: A\u00e7o Carbono Especial temperado<br \/>\nCabo em Pl\u00e1stico ergon\u00f4mico<br \/>\nCor: Amarelo<br \/>\nCaracter\u00edsticas: Resist\u00eancia de isolamento de 1000V<br \/>\nConforme normas NBR 9699 e NR10<br \/>\nItens Inclusos: 1 Alicate universal Isolado<br \/>\nDimens\u00f5es do produto em polegadas: 8?<br \/>\nDimens\u00f5es do produto (A x L): 20,3 X 6,35cm<br \/>\n<\/span><\/p>\n","protected":false},"featured_media":7982,"template":"","meta":{"_joinchat":[]},"product_brand":[],"product_cat":[137],"product_tag":[],"class_list":{"0":"post-7905","1":"product","2":"type-product","3":"status-publish","4":"has-post-thumbnail","6":"product_cat-ferramentas-manuais","8":"first","9":"instock","10":"shipping-taxable","11":"purchasable","12":"product-type-simple"},"_links":{"self":[{"href":"https:\/\/www.multicasa.com.br\/cuiaba\/wp-json\/wp\/v2\/product\/7905","targetHints":{"allow":["GET"]}}],"collection":[{"href":"https:\/\/www.multicasa.com.br\/cuiaba\/wp-json\/wp\/v2\/product"}],"about":[{"href":"https:\/\/www.multicasa.com.br\/cuiaba\/wp-json\/wp\/v2\/types\/product"}],"wp:featuredmedia":[{"embeddable":true,"href":"https:\/\/www.multicasa.com.br\/cuiaba\/wp-json\/wp\/v2\/media\/7982"}],"wp:attachment":[{"href":"https:\/\/www.multicasa.com.br\/cuiaba\/wp-json\/wp\/v2\/media?parent=7905"}],"wp:term":[{"taxonomy":"product_brand","embeddable":true,"href":"https:\/\/www.multicasa.com.br\/cuiaba\/wp-json\/wp\/v2\/product_brand?post=7905"},{"taxonomy":"product_cat","embeddable":true,"href":"https:\/\/www.multicasa.com.br\/cuiaba\/wp-json\/wp\/v2\/product_cat?post=7905"},{"taxonomy":"product_tag","embeddable":true,"href":"https:\/\/www.multicasa.com.br\/cuiaba\/wp-json\/wp\/v2\/product_tag?post=7905"}],"curies":[{"name":"wp","href":"https:\/\/api.w.org\/{rel}","templated":true}]}}