{"id":7906,"date":"2025-06-20T17:27:19","date_gmt":"2025-06-20T21:27:19","guid":{"rendered":"http:\/\/www.multicasa.com.br\/cuiaba\/?post_type=product&#038;p=7906"},"modified":"2025-12-16T18:18:10","modified_gmt":"2025-12-16T22:18:10","slug":"anel-de-borracha-para-esgoto-tigre-50mm","status":"publish","type":"product","link":"https:\/\/www.multicasa.com.br\/cuiaba\/produto\/anel-de-borracha-para-esgoto-tigre-50mm\/","title":{"rendered":"Anel de Borracha para Esgoto Tigre 50mm<br>SKU: 874710"},"content":{"rendered":"<p>Mais seguro, o anel de borracha da Tigre deve ser usado em conex\u00f5es de esgoto para veda\u00e7\u00e3o, substituindo a cola. Feito de PVC, mede 50mm \/ 2??. Ideal para quem busca uma solu\u00e7\u00e3o eficiente e dur\u00e1vel.<\/p>\n","protected":false},"excerpt":{"rendered":"<h4 style=\"margin: 0px;padding: 0px 0px 16px;font-family: Lato, sans-serif;font-weight: bold;line-height: 3rem;color: var(--dark-grey3);font-size: 22px;font-style: normal;letter-spacing: normal;text-align: start;text-indent: 0px;text-transform: none\">Informa\u00e7\u00f5es t\u00e9cnicas<\/h4>\n<p><span style=\"margin: 0px;padding: 0px;font-weight: 450;font-size: 14px;line-height: 21px;color: var(--dark-grey2);font-family: Lato, sans-serif;font-style: normal;letter-spacing: normal;text-align: start;text-indent: 0px;text-transform: none\"><br \/>\nProduto: Anel de Borracha<br \/>\nMarca: Tigre<br \/>\nMaterial: PVC<br \/>\nCor: Preto<br \/>\nUso indicado: Conex\u00f5es de esgoto<br \/>\nItens Inclusos: 1 Anel de Borracha<br \/>\nDimens\u00f5es do produto em polegadas: 50mm \/ 2&#8243;<\/span><\/p>\n","protected":false},"featured_media":7986,"template":"","meta":{"_joinchat":[]},"product_brand":[],"product_cat":[73],"product_tag":[],"class_list":{"0":"post-7906","1":"product","2":"type-product","3":"status-publish","4":"has-post-thumbnail","6":"product_cat-tubos-e-conexoes","8":"first","9":"instock","10":"shipping-taxable","11":"purchasable","12":"product-type-simple"},"_links":{"self":[{"href":"https:\/\/www.multicasa.com.br\/cuiaba\/wp-json\/wp\/v2\/product\/7906","targetHints":{"allow":["GET"]}}],"collection":[{"href":"https:\/\/www.multicasa.com.br\/cuiaba\/wp-json\/wp\/v2\/product"}],"about":[{"href":"https:\/\/www.multicasa.com.br\/cuiaba\/wp-json\/wp\/v2\/types\/product"}],"wp:featuredmedia":[{"embeddable":true,"href":"https:\/\/www.multicasa.com.br\/cuiaba\/wp-json\/wp\/v2\/media\/7986"}],"wp:attachment":[{"href":"https:\/\/www.multicasa.com.br\/cuiaba\/wp-json\/wp\/v2\/media?parent=7906"}],"wp:term":[{"taxonomy":"product_brand","embeddable":true,"href":"https:\/\/www.multicasa.com.br\/cuiaba\/wp-json\/wp\/v2\/product_brand?post=7906"},{"taxonomy":"product_cat","embeddable":true,"href":"https:\/\/www.multicasa.com.br\/cuiaba\/wp-json\/wp\/v2\/product_cat?post=7906"},{"taxonomy":"product_tag","embeddable":true,"href":"https:\/\/www.multicasa.com.br\/cuiaba\/wp-json\/wp\/v2\/product_tag?post=7906"}],"curies":[{"name":"wp","href":"https:\/\/api.w.org\/{rel}","templated":true}]}}